{"id":1286,"date":"2024-01-23T14:06:36","date_gmt":"2024-01-23T14:06:36","guid":{"rendered":"https:\/\/mejo.jos-buero.de\/?page_id=1286"},"modified":"2025-07-14T07:45:50","modified_gmt":"2025-07-14T07:45:50","slug":"services","status":"publish","type":"page","link":"https:\/\/mejo.de\/nl\/service\/leistungen\/","title":{"rendered":"Services"},"content":{"rendered":"<div data-elementor-type=\"wp-page\" data-elementor-id=\"1286\" class=\"elementor elementor-1286\" data-elementor-post-type=\"page\">\n\t\t\t\t\t\t<section class=\"elementor-section elementor-top-section elementor-element elementor-element-d0d5439 elementor-section-height-min-height elementor-section-items-top fullwidth bg-cross white right-middle elementor-section-boxed elementor-section-height-default\" data-id=\"d0d5439\" data-element_type=\"section\" data-e-type=\"section\" data-settings=\"{&quot;background_background&quot;:&quot;classic&quot;}\">\n\t\t\t\t\t\t<div class=\"elementor-container elementor-column-gap-default\">\n\t\t\t\t\t<div class=\"elementor-column elementor-col-50 elementor-top-column elementor-element elementor-element-feabaea\" data-id=\"feabaea\" data-element_type=\"column\" data-e-type=\"column\">\n\t\t\t<div class=\"elementor-widget-wrap elementor-element-populated\">\n\t\t\t\t\t\t<div class=\"elementor-element elementor-element-38d94dd elementor-widget elementor-widget-global elementor-global-1829 elementor-widget-breadcrumbs\" data-id=\"38d94dd\" data-element_type=\"widget\" data-e-type=\"widget\" data-widget_type=\"breadcrumbs.default\">\n\t\t\t\t<div class=\"elementor-widget-container\">\n\t\t\t\t\t<nav><span class=\"last\">Homepage<\/span><\/nav>\t\t\t\t<\/div>\n\t\t\t\t<\/div>\n\t\t\t\t<div class=\"elementor-element elementor-element-640ed0c elementor-widget elementor-widget-heading\" data-id=\"640ed0c\" data-element_type=\"widget\" data-e-type=\"widget\" data-widget_type=\"heading.default\">\n\t\t\t\t<div class=\"elementor-widget-container\">\n\t\t\t\t\t<h1 class=\"elementor-heading-title elementor-size-default\">Services<\/h1>\t\t\t\t<\/div>\n\t\t\t\t<\/div>\n\t\t\t\t<section class=\"elementor-section elementor-inner-section elementor-element elementor-element-0c7217a elementor-section-boxed elementor-section-height-default elementor-section-height-default\" data-id=\"0c7217a\" data-element_type=\"section\" data-e-type=\"section\">\n\t\t\t\t\t\t<div class=\"elementor-container elementor-column-gap-default\">\n\t\t\t\t\t<div class=\"elementor-column elementor-col-50 elementor-inner-column elementor-element elementor-element-19706b3\" data-id=\"19706b3\" data-element_type=\"column\" data-e-type=\"column\">\n\t\t\t<div class=\"elementor-widget-wrap\">\n\t\t\t\t\t\t\t<\/div>\n\t\t<\/div>\n\t\t\t\t<div class=\"elementor-column elementor-col-50 elementor-inner-column elementor-element elementor-element-c4a45fe\" data-id=\"c4a45fe\" data-element_type=\"column\" data-e-type=\"column\">\n\t\t\t<div class=\"elementor-widget-wrap elementor-element-populated\">\n\t\t\t\t\t\t<div class=\"elementor-element elementor-element-e99fad4 elementor-widget__width-initial elementor-widget elementor-widget-heading\" data-id=\"e99fad4\" data-element_type=\"widget\" data-e-type=\"widget\" data-widget_type=\"heading.default\">\n\t\t\t\t<div class=\"elementor-widget-container\">\n\t\t\t\t\t<span class=\"elementor-heading-title elementor-size-default\">Van de matrijzenbouw en de persfabriek tot de verwerking, opslag en de recycling die erop volgt: bij mejo kun je terecht voor een totaalaanbod op het gebied van aluminium profielen en dat allemaal onder \u00e9\u00e9n dak.\n\nOntdek meer over wat we allemaal kunnen bieden.\n<\/span>\t\t\t\t<\/div>\n\t\t\t\t<\/div>\n\t\t\t\t\t<\/div>\n\t\t<\/div>\n\t\t\t\t\t<\/div>\n\t\t<\/section>\n\t\t\t\t\t<\/div>\n\t\t<\/div>\n\t\t\t\t<div class=\"elementor-column elementor-col-50 elementor-top-column elementor-element elementor-element-46e2d09\" data-id=\"46e2d09\" data-element_type=\"column\" data-e-type=\"column\">\n\t\t\t<div class=\"elementor-widget-wrap\">\n\t\t\t\t\t\t\t<\/div>\n\t\t<\/div>\n\t\t\t\t\t<\/div>\n\t\t<\/section>\n\t\t\t\t<section class=\"elementor-section elementor-top-section elementor-element elementor-element-578a7a5 elementor-section-boxed elementor-section-height-default elementor-section-height-default\" data-id=\"578a7a5\" data-element_type=\"section\" data-e-type=\"section\">\n\t\t\t\t\t\t<div class=\"elementor-container elementor-column-gap-default\">\n\t\t\t\t\t<div class=\"elementor-column elementor-col-100 elementor-top-column elementor-element elementor-element-d98347d\" data-id=\"d98347d\" data-element_type=\"column\" data-e-type=\"column\">\n\t\t\t<div class=\"elementor-widget-wrap elementor-element-populated\">\n\t\t\t\t\t\t<div class=\"elementor-element elementor-element-9e5eb1d elementor-widget elementor-widget-text-editor\" data-id=\"9e5eb1d\" data-element_type=\"widget\" data-e-type=\"widget\" data-widget_type=\"text-editor.default\">\n\t\t\t\t<div class=\"elementor-widget-container\">\n\t\t\t\t\t\t\t\t\t<p class=\"translation-block\">Heb je vragen over onze diensten of producten?<br>In de  <a href=\"https:\/\/mejo.de\/nl\/service\/faq\/\" target=\"_self\">FAQ<\/a> beantwoorden we de meestgestelde vragen.<\/p><p class=\"translation-block\">Heb je nog vragen of heb je interesse in onze services? Neem dan direct contact op met de betreffende  <a href=\"https:\/\/mejo.de\/nl\/service\/contactpersonen\/\" target=\"_self\">contactpersonen<\/a>.<\/p>\t\t\t\t\t\t\t\t<\/div>\n\t\t\t\t<\/div>\n\t\t\t\t\t<\/div>\n\t\t<\/div>\n\t\t\t\t\t<\/div>\n\t\t<\/section>\n\t\t\t\t<section class=\"elementor-section elementor-top-section elementor-element elementor-element-c068012 elementor-section-height-min-height elementor-section-boxed elementor-section-height-default elementor-section-items-middle\" data-id=\"c068012\" data-element_type=\"section\" data-e-type=\"section\">\n\t\t\t\t\t\t<div class=\"elementor-container elementor-column-gap-default\">\n\t\t\t\t\t<div class=\"elementor-column elementor-col-33 elementor-top-column elementor-element elementor-element-5e564cc\" data-id=\"5e564cc\" data-element_type=\"column\" data-e-type=\"column\">\n\t\t\t<div class=\"elementor-widget-wrap elementor-element-populated\">\n\t\t\t\t\t\t<div class=\"elementor-element elementor-element-7e39652 elementor-position-left elementor-vertical-align-middle elementor-widget elementor-widget-image-box\" data-id=\"7e39652\" data-element_type=\"widget\" data-e-type=\"widget\" data-widget_type=\"image-box.default\">\n\t\t\t\t<div class=\"elementor-widget-container\">\n\t\t\t\t\t<div class=\"elementor-image-box-wrapper\"><figure class=\"elementor-image-box-img\"><a href=\"https:\/\/mejo.de\/nl\/service\/services\/persfabriek\/\" tabindex=\"-1\"><img fetchpriority=\"high\" decoding=\"async\" width=\"401\" height=\"401\" src=\"https:\/\/mejo.de\/wp-content\/uploads\/2025\/01\/Service-Presswerk.webp\" class=\"attachment-medium size-medium wp-image-12956\" alt=\"\" srcset=\"https:\/\/mejo.de\/wp-content\/uploads\/2025\/01\/Service-Presswerk.webp 401w, https:\/\/mejo.de\/wp-content\/uploads\/2025\/01\/Service-Presswerk-300x300.webp 300w, https:\/\/mejo.de\/wp-content\/uploads\/2025\/01\/Service-Presswerk-12x12.webp 12w\" sizes=\"(max-width: 401px) 100vw, 401px\" \/><\/a><\/figure><div class=\"elementor-image-box-content\"><h3 class=\"elementor-image-box-title\"><a href=\"https:\/\/mejo.de\/nl\/service\/services\/persfabriek\/\">Persfabriek<\/a><\/h3><\/div><\/div>\t\t\t\t<\/div>\n\t\t\t\t<\/div>\n\t\t\t\t\t<\/div>\n\t\t<\/div>\n\t\t\t\t<div class=\"elementor-column elementor-col-33 elementor-top-column elementor-element elementor-element-2fece99\" data-id=\"2fece99\" data-element_type=\"column\" data-e-type=\"column\">\n\t\t\t<div class=\"elementor-widget-wrap elementor-element-populated\">\n\t\t\t\t\t\t<div class=\"elementor-element elementor-element-52b7fdb elementor-position-left elementor-vertical-align-middle elementor-widget elementor-widget-image-box\" data-id=\"52b7fdb\" data-element_type=\"widget\" data-e-type=\"widget\" data-widget_type=\"image-box.default\">\n\t\t\t\t<div class=\"elementor-widget-container\">\n\t\t\t\t\t<div class=\"elementor-image-box-wrapper\"><figure class=\"elementor-image-box-img\"><a href=\"https:\/\/mejo.de\/nl\/service\/services\/matrijzenbouw\/\" tabindex=\"-1\"><img decoding=\"async\" width=\"401\" height=\"401\" src=\"https:\/\/mejo.de\/wp-content\/uploads\/2025\/01\/Service-Werkzeug.webp\" class=\"attachment-medium size-medium wp-image-12957\" alt=\"\" srcset=\"https:\/\/mejo.de\/wp-content\/uploads\/2025\/01\/Service-Werkzeug.webp 401w, https:\/\/mejo.de\/wp-content\/uploads\/2025\/01\/Service-Werkzeug-300x300.webp 300w, https:\/\/mejo.de\/wp-content\/uploads\/2025\/01\/Service-Werkzeug-12x12.webp 12w\" sizes=\"(max-width: 401px) 100vw, 401px\" \/><\/a><\/figure><div class=\"elementor-image-box-content\"><h3 class=\"elementor-image-box-title\"><a href=\"https:\/\/mejo.de\/nl\/service\/services\/matrijzenbouw\/\">Matrijzenbouw<\/a><\/h3><\/div><\/div>\t\t\t\t<\/div>\n\t\t\t\t<\/div>\n\t\t\t\t\t<\/div>\n\t\t<\/div>\n\t\t\t\t<div class=\"elementor-column elementor-col-33 elementor-top-column elementor-element elementor-element-8ebff71\" data-id=\"8ebff71\" data-element_type=\"column\" data-e-type=\"column\">\n\t\t\t<div class=\"elementor-widget-wrap elementor-element-populated\">\n\t\t\t\t\t\t<div class=\"elementor-element elementor-element-91c2a16 elementor-position-left elementor-vertical-align-middle elementor-widget elementor-widget-image-box\" data-id=\"91c2a16\" data-element_type=\"widget\" data-e-type=\"widget\" data-widget_type=\"image-box.default\">\n\t\t\t\t<div class=\"elementor-widget-container\">\n\t\t\t\t\t<div class=\"elementor-image-box-wrapper\"><figure class=\"elementor-image-box-img\"><a href=\"https:\/\/mejo.de\/nl\/service\/services\/mechanische-bewerking\/\" tabindex=\"-1\"><img decoding=\"async\" width=\"401\" height=\"401\" src=\"https:\/\/mejo.de\/wp-content\/uploads\/2025\/01\/Leistungen-Mechanisch.webp\" class=\"attachment-medium size-medium wp-image-12997\" alt=\"\" srcset=\"https:\/\/mejo.de\/wp-content\/uploads\/2025\/01\/Leistungen-Mechanisch.webp 401w, https:\/\/mejo.de\/wp-content\/uploads\/2025\/01\/Leistungen-Mechanisch-300x300.webp 300w, https:\/\/mejo.de\/wp-content\/uploads\/2025\/01\/Leistungen-Mechanisch-12x12.webp 12w\" sizes=\"(max-width: 401px) 100vw, 401px\" \/><\/a><\/figure><div class=\"elementor-image-box-content\"><h3 class=\"elementor-image-box-title\"><a href=\"https:\/\/mejo.de\/nl\/service\/services\/mechanische-bewerking\/\">Mechanische bewerking<\/a><\/h3><\/div><\/div>\t\t\t\t<\/div>\n\t\t\t\t<\/div>\n\t\t\t\t\t<\/div>\n\t\t<\/div>\n\t\t\t\t\t<\/div>\n\t\t<\/section>\n\t\t\t\t<section class=\"elementor-section elementor-top-section elementor-element elementor-element-dabff4c elementor-section-height-min-height elementor-section-boxed elementor-section-height-default elementor-section-items-middle\" data-id=\"dabff4c\" data-element_type=\"section\" data-e-type=\"section\">\n\t\t\t\t\t\t<div class=\"elementor-container elementor-column-gap-default\">\n\t\t\t\t\t<div class=\"elementor-column elementor-col-33 elementor-top-column elementor-element elementor-element-54ead9b\" data-id=\"54ead9b\" data-element_type=\"column\" data-e-type=\"column\">\n\t\t\t<div class=\"elementor-widget-wrap elementor-element-populated\">\n\t\t\t\t\t\t<div class=\"elementor-element elementor-element-8c85213 elementor-position-left elementor-vertical-align-middle elementor-widget elementor-widget-image-box\" data-id=\"8c85213\" data-element_type=\"widget\" data-e-type=\"widget\" data-widget_type=\"image-box.default\">\n\t\t\t\t<div class=\"elementor-widget-container\">\n\t\t\t\t\t<div class=\"elementor-image-box-wrapper\"><figure class=\"elementor-image-box-img\"><a href=\"https:\/\/mejo.de\/nl\/service\/services\/magazijn\/\" tabindex=\"-1\"><img loading=\"lazy\" decoding=\"async\" width=\"401\" height=\"401\" src=\"https:\/\/mejo.de\/wp-content\/uploads\/2025\/01\/Leistungen-Lager.webp\" class=\"attachment-medium size-medium wp-image-12996\" alt=\"\" srcset=\"https:\/\/mejo.de\/wp-content\/uploads\/2025\/01\/Leistungen-Lager.webp 401w, https:\/\/mejo.de\/wp-content\/uploads\/2025\/01\/Leistungen-Lager-300x300.webp 300w, https:\/\/mejo.de\/wp-content\/uploads\/2025\/01\/Leistungen-Lager-12x12.webp 12w\" sizes=\"(max-width: 401px) 100vw, 401px\" \/><\/a><\/figure><div class=\"elementor-image-box-content\"><h3 class=\"elementor-image-box-title\"><a href=\"https:\/\/mejo.de\/nl\/service\/services\/magazijn\/\">Opslag in Duitsland<\/a><\/h3><\/div><\/div>\t\t\t\t<\/div>\n\t\t\t\t<\/div>\n\t\t\t\t\t<\/div>\n\t\t<\/div>\n\t\t\t\t<div class=\"elementor-column elementor-col-33 elementor-top-column elementor-element elementor-element-01ca3c6\" data-id=\"01ca3c6\" data-element_type=\"column\" data-e-type=\"column\">\n\t\t\t<div class=\"elementor-widget-wrap elementor-element-populated\">\n\t\t\t\t\t\t<div class=\"elementor-element elementor-element-13a907d elementor-position-left elementor-vertical-align-middle elementor-widget elementor-widget-image-box\" data-id=\"13a907d\" data-element_type=\"widget\" data-e-type=\"widget\" data-widget_type=\"image-box.default\">\n\t\t\t\t<div class=\"elementor-widget-container\">\n\t\t\t\t\t<div class=\"elementor-image-box-wrapper\"><figure class=\"elementor-image-box-img\"><a href=\"https:\/\/mejo.de\/nl\/service\/services\/3d-printservice\/\" tabindex=\"-1\"><img loading=\"lazy\" decoding=\"async\" width=\"401\" height=\"401\" src=\"https:\/\/mejo.de\/wp-content\/uploads\/2025\/01\/Leistungen-3D-Print.webp\" class=\"attachment-medium size-medium wp-image-12995\" alt=\"\" srcset=\"https:\/\/mejo.de\/wp-content\/uploads\/2025\/01\/Leistungen-3D-Print.webp 401w, https:\/\/mejo.de\/wp-content\/uploads\/2025\/01\/Leistungen-3D-Print-300x300.webp 300w, https:\/\/mejo.de\/wp-content\/uploads\/2025\/01\/Leistungen-3D-Print-12x12.webp 12w\" sizes=\"(max-width: 401px) 100vw, 401px\" \/><\/a><\/figure><div class=\"elementor-image-box-content\"><h3 class=\"elementor-image-box-title\"><a href=\"https:\/\/mejo.de\/nl\/service\/services\/3d-printservice\/\">3D-printservice<\/a><\/h3><\/div><\/div>\t\t\t\t<\/div>\n\t\t\t\t<\/div>\n\t\t\t\t\t<\/div>\n\t\t<\/div>\n\t\t\t\t<div class=\"elementor-column elementor-col-33 elementor-top-column elementor-element elementor-element-e57fdf0\" data-id=\"e57fdf0\" data-element_type=\"column\" data-e-type=\"column\">\n\t\t\t<div class=\"elementor-widget-wrap elementor-element-populated\">\n\t\t\t\t\t\t<div class=\"elementor-element elementor-element-f3cdded elementor-position-left elementor-vertical-align-middle elementor-widget elementor-widget-image-box\" data-id=\"f3cdded\" data-element_type=\"widget\" data-e-type=\"widget\" data-widget_type=\"image-box.default\">\n\t\t\t\t<div class=\"elementor-widget-container\">\n\t\t\t\t\t<div class=\"elementor-image-box-wrapper\"><figure class=\"elementor-image-box-img\"><a href=\"https:\/\/mejo.de\/nl\/service\/services\/recycling\/\" tabindex=\"-1\"><img loading=\"lazy\" decoding=\"async\" width=\"401\" height=\"401\" src=\"https:\/\/mejo.de\/wp-content\/uploads\/2025\/01\/Leistungen-Recycle.webp\" class=\"attachment-medium size-medium wp-image-12998\" alt=\"\" srcset=\"https:\/\/mejo.de\/wp-content\/uploads\/2025\/01\/Leistungen-Recycle.webp 401w, https:\/\/mejo.de\/wp-content\/uploads\/2025\/01\/Leistungen-Recycle-300x300.webp 300w, https:\/\/mejo.de\/wp-content\/uploads\/2025\/01\/Leistungen-Recycle-12x12.webp 12w\" sizes=\"(max-width: 401px) 100vw, 401px\" \/><\/a><\/figure><div class=\"elementor-image-box-content\"><h3 class=\"elementor-image-box-title\"><a href=\"https:\/\/mejo.de\/nl\/service\/services\/recycling\/\">Recycling<\/a><\/h3><\/div><\/div>\t\t\t\t<\/div>\n\t\t\t\t<\/div>\n\t\t\t\t\t<\/div>\n\t\t<\/div>\n\t\t\t\t\t<\/div>\n\t\t<\/section>\n\t\t\t\t<\/div>","protected":false},"excerpt":{"rendered":"<p>Leistungen Vom Werkzeugbau \u00fcber Presswerk bis hin zur Verarbeitung, dem Lager und anschlie\u00dfendem Recycling: Bei mejo erhalten Sie alle Leistungen rund um das Aluminiumprofil aus einer Hand. Erfahren Sie mehr \u00fcber unser Leistungsspektrum. Sie haben Fragen zu unseren Services oder unseren Produkten?In den FAQ beantworten wir die am h\u00e4ufigsten gestellten Fragen. Bei Fragen oder Interesse [&hellip;]<\/p>\n","protected":false},"author":2,"featured_media":0,"parent":1791,"menu_order":35,"comment_status":"closed","ping_status":"closed","template":"","meta":{"footnotes":""},"class_list":["post-1286","page","type-page","status-publish","hentry"],"_links":{"self":[{"href":"https:\/\/mejo.de\/nl\/wp-json\/wp\/v2\/pages\/1286","targetHints":{"allow":["GET"]}}],"collection":[{"href":"https:\/\/mejo.de\/nl\/wp-json\/wp\/v2\/pages"}],"about":[{"href":"https:\/\/mejo.de\/nl\/wp-json\/wp\/v2\/types\/page"}],"author":[{"embeddable":true,"href":"https:\/\/mejo.de\/nl\/wp-json\/wp\/v2\/users\/2"}],"replies":[{"embeddable":true,"href":"https:\/\/mejo.de\/nl\/wp-json\/wp\/v2\/comments?post=1286"}],"version-history":[{"count":0,"href":"https:\/\/mejo.de\/nl\/wp-json\/wp\/v2\/pages\/1286\/revisions"}],"up":[{"embeddable":true,"href":"https:\/\/mejo.de\/nl\/wp-json\/wp\/v2\/pages\/1791"}],"wp:attachment":[{"href":"https:\/\/mejo.de\/nl\/wp-json\/wp\/v2\/media?parent=1286"}],"curies":[{"name":"wp","href":"https:\/\/api.w.org\/{rel}","templated":true}]}}