{"id":1281,"date":"2024-01-23T14:04:03","date_gmt":"2024-01-23T14:04:03","guid":{"rendered":"https:\/\/mejo.jos-buero.de\/?page_id=1281"},"modified":"2025-07-14T11:08:19","modified_gmt":"2025-07-14T11:08:19","slug":"locaties","status":"publish","type":"page","link":"https:\/\/mejo.de\/nl\/unternehmen\/standorte\/","title":{"rendered":"Locaties"},"content":{"rendered":"\t\t<div data-elementor-type=\"wp-page\" data-elementor-id=\"1281\" class=\"elementor elementor-1281\" data-elementor-post-type=\"page\">\n\t\t\t\t\t\t<section class=\"elementor-section elementor-top-section elementor-element elementor-element-7cb335e elementor-section-height-min-height elementor-section-items-top fullwidth green elementor-section-boxed elementor-section-height-default\" data-id=\"7cb335e\" data-element_type=\"section\" data-e-type=\"section\" data-settings=\"{&quot;background_background&quot;:&quot;classic&quot;}\">\n\t\t\t\t\t\t<div class=\"elementor-container elementor-column-gap-default\">\n\t\t\t\t\t<div class=\"elementor-column elementor-col-50 elementor-top-column elementor-element elementor-element-d33a130\" data-id=\"d33a130\" data-element_type=\"column\" data-e-type=\"column\">\n\t\t\t<div class=\"elementor-widget-wrap elementor-element-populated\">\n\t\t\t\t\t\t<div class=\"elementor-element elementor-element-6bb20d0 elementor-widget elementor-widget-global elementor-global-1829 elementor-widget-breadcrumbs\" data-id=\"6bb20d0\" data-element_type=\"widget\" data-e-type=\"widget\" data-widget_type=\"breadcrumbs.default\">\n\t\t\t\t<div class=\"elementor-widget-container\">\n\t\t\t\t\t<nav><span class=\"last\">Startseite<\/span><\/nav>\t\t\t\t<\/div>\n\t\t\t\t<\/div>\n\t\t\t\t<div class=\"elementor-element elementor-element-7f4093a elementor-widget elementor-widget-heading\" data-id=\"7f4093a\" data-element_type=\"widget\" data-e-type=\"widget\" data-widget_type=\"heading.default\">\n\t\t\t\t<div class=\"elementor-widget-container\">\n\t\t\t\t\t<h1 class=\"elementor-heading-title elementor-size-default\">Standorte<\/h1>\t\t\t\t<\/div>\n\t\t\t\t<\/div>\n\t\t\t\t<section class=\"elementor-section elementor-inner-section elementor-element elementor-element-c21856d indent elementor-section-boxed elementor-section-height-default elementor-section-height-default\" data-id=\"c21856d\" data-element_type=\"section\" data-e-type=\"section\">\n\t\t\t\t\t\t<div class=\"elementor-container elementor-column-gap-default\">\n\t\t\t\t\t<div class=\"elementor-column elementor-col-100 elementor-inner-column elementor-element elementor-element-67988bb\" data-id=\"67988bb\" data-element_type=\"column\" data-e-type=\"column\">\n\t\t\t<div class=\"elementor-widget-wrap elementor-element-populated\">\n\t\t\t\t\t\t<div class=\"elementor-element elementor-element-b6337df elementor-widget elementor-widget-text-editor\" data-id=\"b6337df\" data-element_type=\"widget\" data-e-type=\"widget\" data-widget_type=\"text-editor.default\">\n\t\t\t\t<div class=\"elementor-widget-container\">\n\t\t\t\t\t\t\t\t\t<span style=\"color: #ffffff;\">mejo ist in drei L\u00e4ndern an insgesamt f\u00fcnf Standorten vertreten. Deutschland wird von der mejo Metall Josten GmbH &amp; Co. KG betreut, \u00d6sterreich von der mejo Aluminium GmbH und Benelux von der mejo Aluminium B. V.<\/span>\n\n<span style=\"color: #ffffff;\">Die n\u00e4chste mejo Niederlassung in Ihrer N\u00e4he entnehmen Sie der untenstehenden Liste.<\/span>\n\n<span style=\"color: #ffffff;\">Eine \u00dcbersicht \u00fcber alle zust\u00e4ndigen Ansprechpartner:innen der jeweiligen Produktgruppen finden Sie <a style=\"color: #ffffff;\" href=\"https:\/\/mejo.de\/service\/ansprechpartner\/\"><u>hier<\/u><\/a>.<\/span>\n\n<span style=\"color: #ffffff;\">Sie m\u00f6chten uns lieber eine Nachricht zukommen lassen?<\/span>\n<span style=\"color: #ffffff;\">Dann nutzen Sie gern unser <u><a style=\"color: #ffffff;\" href=\"https:\/\/mejo.de\/kontakt\/\">Kontaktformular<\/a>.<\/u><\/span>\t\t\t\t\t\t\t\t<\/div>\n\t\t\t\t<\/div>\n\t\t\t\t\t<\/div>\n\t\t<\/div>\n\t\t\t\t\t<\/div>\n\t\t<\/section>\n\t\t\t\t\t<\/div>\n\t\t<\/div>\n\t\t\t\t<div class=\"elementor-column elementor-col-50 elementor-top-column elementor-element elementor-element-91618b6\" data-id=\"91618b6\" data-element_type=\"column\" data-e-type=\"column\">\n\t\t\t<div class=\"elementor-widget-wrap\">\n\t\t\t\t\t\t\t<\/div>\n\t\t<\/div>\n\t\t\t\t\t<\/div>\n\t\t<\/section>\n\t\t\t\t<section class=\"elementor-section elementor-top-section elementor-element elementor-element-5c41878 elementor-section-content-middle elementor-section-boxed elementor-section-height-default elementor-section-height-default\" data-id=\"5c41878\" data-element_type=\"section\" data-e-type=\"section\">\n\t\t\t\t\t\t<div class=\"elementor-container elementor-column-gap-default\">\n\t\t\t\t\t<div class=\"elementor-column elementor-col-50 elementor-top-column elementor-element elementor-element-cc716a3\" data-id=\"cc716a3\" data-element_type=\"column\" data-e-type=\"column\">\n\t\t\t<div class=\"elementor-widget-wrap elementor-element-populated\">\n\t\t\t\t\t\t<section class=\"elementor-section elementor-inner-section elementor-element elementor-element-ca6782b indent elementor-section-boxed elementor-section-height-default elementor-section-height-default\" data-id=\"ca6782b\" data-element_type=\"section\" data-e-type=\"section\">\n\t\t\t\t\t\t<div class=\"elementor-container elementor-column-gap-default\">\n\t\t\t\t\t<div class=\"elementor-column elementor-col-100 elementor-inner-column elementor-element elementor-element-f211a3e\" data-id=\"f211a3e\" data-element_type=\"column\" data-e-type=\"column\">\n\t\t\t<div class=\"elementor-widget-wrap elementor-element-populated\">\n\t\t\t\t\t\t<div class=\"elementor-element elementor-element-728e709 custom elementor-widget__width-inherit elementor-widget elementor-widget-accordion\" data-id=\"728e709\" data-element_type=\"widget\" data-e-type=\"widget\" data-widget_type=\"accordion.default\">\n\t\t\t\t<div class=\"elementor-widget-container\">\n\t\t\t\t\t\t\t<div class=\"elementor-accordion\">\n\t\t\t\t\t\t\t<div class=\"elementor-accordion-item\">\n\t\t\t\t\t<div id=\"elementor-tab-title-1201\" class=\"elementor-tab-title\" data-tab=\"1\" role=\"button\" aria-controls=\"elementor-tab-content-1201\" aria-expanded=\"false\">\n\t\t\t\t\t\t\t\t\t\t\t\t<a class=\"elementor-accordion-title\" tabindex=\"0\"><span>DE<\/span>D\u00fcsseldorf<\/a>\n\t\t\t\t\t<\/div>\n\t\t\t\t\t<div id=\"elementor-tab-content-1201\" class=\"elementor-tab-content elementor-clearfix\" data-tab=\"1\" role=\"region\" aria-labelledby=\"elementor-tab-title-1201\"><table style=\"width: 670px; border-collapse: collapse;\" border=\"1\"><tbody><tr><td style=\"width: 38.7359%;\"><p><strong><img fetchpriority=\"high\" decoding=\"async\" class=\"alignnone size-full wp-image-10213\" src=\"https:\/\/mejo.de\/wp-content\/uploads\/2024\/08\/mejo-niederlassung-2024-standort-duesseldorf.jpg\" alt=\"\" width=\"500\" height=\"500\" \/><\/strong><\/p><\/td><td style=\"width: 61.2641%;\"><p><strong>mejo Metall Josten GmbH &amp; Co. KG<br \/>Zentrale<\/strong><\/p><p>Bublitzer Stra\u00dfe 23 <br \/>D\u201340599 D\u00fcsseldorf<\/p><p>Telefon: +49 211 99890\u20130<br \/>E-Mail: <a title=\"Kontakt\" href=\"mailto:info@mejo.de?subject=Kontakt\">info@mejo.de<\/a><\/p><\/td><\/tr><\/tbody><\/table><\/div>\n\t\t\t\t<\/div>\n\t\t\t\t\t\t\t<div class=\"elementor-accordion-item\">\n\t\t\t\t\t<div id=\"elementor-tab-title-1202\" class=\"elementor-tab-title\" data-tab=\"2\" role=\"button\" aria-controls=\"elementor-tab-content-1202\" aria-expanded=\"false\">\n\t\t\t\t\t\t\t\t\t\t\t\t<a class=\"elementor-accordion-title\" tabindex=\"0\"><span>DE<\/span>N\u00fcrnberg<\/a>\n\t\t\t\t\t<\/div>\n\t\t\t\t\t<div id=\"elementor-tab-content-1202\" class=\"elementor-tab-content elementor-clearfix\" data-tab=\"2\" role=\"region\" aria-labelledby=\"elementor-tab-title-1202\"><div><table style=\"width: 670px;\" border=\"0\"><tbody><tr><td style=\"width: 219.333px;\"><p><strong><img decoding=\"async\" class=\"alignnone wp-image-10215 size-full\" src=\"https:\/\/mejo.de\/wp-content\/uploads\/2024\/08\/mejo-niederlassung-2024-standort-nuernberg.jpg\" alt=\"\" width=\"500\" height=\"500\" \/><\/strong><\/p><\/td><td style=\"width: 434.667px;\"><div><strong>mejo Metall Josten GmbH &amp; Co. KG<\/strong><\/div><div><strong>Niederlassung N\u00fcrnberg<\/strong><\/div><div>\u00a0<\/div><div>Rothenburger Stra\u00dfe 241<\/div><div>D\u201390439 N\u00fcrnberg<\/div><div>\u00a0<\/div><div>Telefon: +49 911 9652234\u20130<\/div><div>E-Mail: <a title=\"Kontakt\" href=\"mailto:nuernberg@mejo.de?subject=Kontakt\">nuernberg@mejo.de<\/a><\/div><\/td><\/tr><\/tbody><\/table><\/div><div>\u00a0<\/div><div>\u00a0<\/div><\/div>\n\t\t\t\t<\/div>\n\t\t\t\t\t\t\t<div class=\"elementor-accordion-item\">\n\t\t\t\t\t<div id=\"elementor-tab-title-1203\" class=\"elementor-tab-title\" data-tab=\"3\" role=\"button\" aria-controls=\"elementor-tab-content-1203\" aria-expanded=\"false\">\n\t\t\t\t\t\t\t\t\t\t\t\t<a class=\"elementor-accordion-title\" tabindex=\"0\"><span>DE<\/span>Viersen<\/a>\n\t\t\t\t\t<\/div>\n\t\t\t\t\t<div id=\"elementor-tab-content-1203\" class=\"elementor-tab-content elementor-clearfix\" data-tab=\"3\" role=\"region\" aria-labelledby=\"elementor-tab-title-1203\"><div><p>\u00a0<\/p><div><table class=\"alignleft\" style=\"width: 670px;\" border=\"1\"><tbody><tr><td style=\"width: 217.333px;\"><p><strong><img decoding=\"async\" class=\"aligncenter wp-image-9636\" src=\"https:\/\/mejo.de\/wp-content\/uploads\/2024\/08\/mejo-niederlassung-2024-standort-viersen-600x600.jpg\" alt=\"\" width=\"370\" height=\"370\" \/><\/strong><\/p><\/td><td style=\"width: 436.667px;\"><div><strong>mejo Metall Josten GmbH &amp; Co. KG<\/strong><\/div><div><strong>Lager und Logistik West<\/strong><\/div><div>\u00a0<\/div><div>Gewerbering 20<\/div><div>D\u201341751 Viersen<\/div><div>\u00a0<\/div><div>Telefon: +49 2162 36178\u201399<\/div><div>E-Mail: <a title=\"Kontakt\" href=\"mailto:info@mejo.de?subject=Kontakt\">info@mejo.de<\/a><\/div><\/td><\/tr><\/tbody><\/table><\/div><\/div><\/div>\n\t\t\t\t<\/div>\n\t\t\t\t\t\t\t<div class=\"elementor-accordion-item\">\n\t\t\t\t\t<div id=\"elementor-tab-title-1204\" class=\"elementor-tab-title\" data-tab=\"4\" role=\"button\" aria-controls=\"elementor-tab-content-1204\" aria-expanded=\"false\">\n\t\t\t\t\t\t\t\t\t\t\t\t<a class=\"elementor-accordion-title\" tabindex=\"0\"><span>AT<\/span>Wien<\/a>\n\t\t\t\t\t<\/div>\n\t\t\t\t\t<div id=\"elementor-tab-content-1204\" class=\"elementor-tab-content elementor-clearfix\" data-tab=\"4\" role=\"region\" aria-labelledby=\"elementor-tab-title-1204\"><table border=\"1\"><tbody><tr><td style=\"width: 66.55px;\"><p><strong><img loading=\"lazy\" decoding=\"async\" class=\"alignnone wp-image-10216\" src=\"https:\/\/mejo.de\/wp-content\/uploads\/2024\/08\/mejo-niederlassung-2024-standort-wien.jpg\" alt=\"\" width=\"370\" height=\"370\" \/><\/strong><\/p><\/td><td style=\"width: 133.45px;\"><div><strong>mejo Aluminium GmbH<br \/>Niederlassung Wien<br \/><\/strong><\/div><div>Ausstellungsstra\u00dfe 50\/C\/2. OG<\/div><div>AT\u20131020 Wien<\/div><div>\u00a0<\/div><div>Telefon: +43 1 2264421\u201310<\/div><div>E-Mail: <a href=\"mailto:wien@mejo.de\">wien@mejo.de<\/a><\/div><\/td><\/tr><\/tbody><\/table><\/div>\n\t\t\t\t<\/div>\n\t\t\t\t\t\t\t<div class=\"elementor-accordion-item\">\n\t\t\t\t\t<div id=\"elementor-tab-title-1205\" class=\"elementor-tab-title\" data-tab=\"5\" role=\"button\" aria-controls=\"elementor-tab-content-1205\" aria-expanded=\"false\">\n\t\t\t\t\t\t\t\t\t\t\t\t<a class=\"elementor-accordion-title\" tabindex=\"0\"><span>NL<\/span>Bergeijk<\/a>\n\t\t\t\t\t<\/div>\n\t\t\t\t\t<div id=\"elementor-tab-content-1205\" class=\"elementor-tab-content elementor-clearfix\" data-tab=\"5\" role=\"region\" aria-labelledby=\"elementor-tab-title-1205\"><table border=\"1\"><tbody><tr><td style=\"width: 85.8333px;\"><p><img loading=\"lazy\" decoding=\"async\" class=\"alignnone wp-image-11384\" src=\"https:\/\/mejo.de\/wp-content\/uploads\/2024\/09\/mejo-niederlassung-2024-standort-bergeijk.jpg\" alt=\"\" width=\"370\" height=\"370\" \/><\/p><p><strong>\u00a0<\/strong><\/p><\/td><td style=\"width: 126.167px;\"><div><p><strong>mejo Aluminium B.V.<br \/><\/strong><strong>Verkoopkantor BeNeLux<\/strong><\/p><p>Ravenseind 13<br \/>NL\u20135571 SE Bergeijk<\/p><p>Telefon: +31 497 2258\u201300<br \/><span style=\"font-family: inherit; font-size: inherit;\">E-Mail: <\/span><a style=\"font-family: inherit; font-size: inherit;\" title=\"info@mejo.com\" href=\"mailto:info@mejo.conm?subject=Kontakt\">info@mejo.com<\/a><br \/>Website: <a style=\"font-family: inherit; font-size: inherit;\" title=\"Aluminium profielen op maat\" href=\"https:\/\/www.mejo.com\" target=\"_blank\" rel=\"noopener nofollow\">www.mejo.com<\/a><\/p><\/div><\/td><\/tr><\/tbody><\/table><\/div>\n\t\t\t\t<\/div>\n\t\t\t\t\t\t\t\t<\/div>\n\t\t\t\t\t\t<\/div>\n\t\t\t\t<\/div>\n\t\t\t\t\t<\/div>\n\t\t<\/div>\n\t\t\t\t\t<\/div>\n\t\t<\/section>\n\t\t\t\t\t<\/div>\n\t\t<\/div>\n\t\t\t\t<div class=\"elementor-column elementor-col-50 elementor-top-column elementor-element elementor-element-00c9130\" data-id=\"00c9130\" data-element_type=\"column\" data-e-type=\"column\">\n\t\t\t<div class=\"elementor-widget-wrap elementor-element-populated\">\n\t\t\t\t\t\t<div class=\"elementor-element elementor-element-3105988 elementor-widget elementor-widget-spacer\" data-id=\"3105988\" data-element_type=\"widget\" data-e-type=\"widget\" data-widget_type=\"spacer.default\">\n\t\t\t\t<div class=\"elementor-widget-container\">\n\t\t\t\t\t\t\t<div class=\"elementor-spacer\">\n\t\t\t<div class=\"elementor-spacer-inner\"><\/div>\n\t\t<\/div>\n\t\t\t\t\t\t<\/div>\n\t\t\t\t<\/div>\n\t\t\t\t<div class=\"elementor-element elementor-element-8481796 custom elementor-widget elementor-widget-hotspot\" data-id=\"8481796\" data-element_type=\"widget\" data-e-type=\"widget\" data-settings=\"{&quot;hotspot&quot;:[{&quot;_id&quot;:&quot;462675b&quot;,&quot;hotspot_tooltip_content&quot;:&quot;&lt;p&gt;\\u00a0&lt;\\\/p&gt;&lt;p&gt;D\\u00fcsseldorf&lt;\\\/p&gt;&quot;,&quot;hotspot_offset_x&quot;:{&quot;unit&quot;:&quot;%&quot;,&quot;size&quot;:38,&quot;sizes&quot;:[]},&quot;hotspot_offset_y&quot;:{&quot;unit&quot;:&quot;%&quot;,&quot;size&quot;:42,&quot;sizes&quot;:[]},&quot;hotspot_label&quot;:&quot;&quot;,&quot;hotspot_link&quot;:{&quot;url&quot;:&quot;&quot;,&quot;is_external&quot;:&quot;&quot;,&quot;nofollow&quot;:&quot;&quot;,&quot;custom_attributes&quot;:&quot;&quot;},&quot;hotspot_icon&quot;:{&quot;value&quot;:&quot;&quot;,&quot;library&quot;:&quot;&quot;},&quot;hotspot_icon_position&quot;:null,&quot;hotspot_icon_spacing&quot;:null,&quot;hotspot_custom_size&quot;:&quot;no&quot;,&quot;hotspot_width&quot;:null,&quot;hotspot_height&quot;:null,&quot;hotspot_horizontal&quot;:&quot;left&quot;,&quot;hotspot_vertical&quot;:&quot;top&quot;,&quot;hotspot_tooltip_position&quot;:&quot;no&quot;,&quot;hotspot_position&quot;:null,&quot;hotspot_tooltip_width&quot;:null,&quot;hotspot_tooltip_text_wrap&quot;:null},{&quot;hotspot_tooltip_content&quot;:&quot;&lt;p&gt;Viersen&lt;\\\/p&gt;&quot;,&quot;hotspot_offset_x&quot;:{&quot;unit&quot;:&quot;%&quot;,&quot;size&quot;:36,&quot;sizes&quot;:[]},&quot;hotspot_offset_y&quot;:{&quot;unit&quot;:&quot;%&quot;,&quot;size&quot;:40,&quot;sizes&quot;:[]},&quot;_id&quot;:&quot;b9f18df&quot;,&quot;hotspot_label&quot;:&quot;&quot;,&quot;hotspot_link&quot;:{&quot;url&quot;:&quot;&quot;,&quot;is_external&quot;:&quot;&quot;,&quot;nofollow&quot;:&quot;&quot;,&quot;custom_attributes&quot;:&quot;&quot;},&quot;hotspot_icon&quot;:{&quot;value&quot;:&quot;&quot;,&quot;library&quot;:&quot;&quot;},&quot;hotspot_icon_position&quot;:null,&quot;hotspot_icon_spacing&quot;:null,&quot;hotspot_custom_size&quot;:&quot;no&quot;,&quot;hotspot_width&quot;:null,&quot;hotspot_height&quot;:null,&quot;hotspot_horizontal&quot;:&quot;left&quot;,&quot;hotspot_vertical&quot;:&quot;top&quot;,&quot;hotspot_tooltip_position&quot;:&quot;no&quot;,&quot;hotspot_position&quot;:null,&quot;hotspot_tooltip_width&quot;:null,&quot;hotspot_tooltip_text_wrap&quot;:null},{&quot;hotspot_tooltip_content&quot;:&quot;&lt;p&gt;N\\u00fcrnberg&lt;\\\/p&gt;&quot;,&quot;hotspot_offset_y&quot;:{&quot;unit&quot;:&quot;%&quot;,&quot;size&quot;:55,&quot;sizes&quot;:[]},&quot;_id&quot;:&quot;21e91c1&quot;,&quot;hotspot_label&quot;:&quot;&quot;,&quot;hotspot_link&quot;:{&quot;url&quot;:&quot;&quot;,&quot;is_external&quot;:&quot;&quot;,&quot;nofollow&quot;:&quot;&quot;,&quot;custom_attributes&quot;:&quot;&quot;},&quot;hotspot_icon&quot;:{&quot;value&quot;:&quot;&quot;,&quot;library&quot;:&quot;&quot;},&quot;hotspot_icon_position&quot;:null,&quot;hotspot_icon_spacing&quot;:null,&quot;hotspot_custom_size&quot;:&quot;no&quot;,&quot;hotspot_width&quot;:null,&quot;hotspot_height&quot;:null,&quot;hotspot_horizontal&quot;:&quot;left&quot;,&quot;hotspot_offset_x&quot;:{&quot;unit&quot;:&quot;%&quot;,&quot;size&quot;:50,&quot;sizes&quot;:[]},&quot;hotspot_vertical&quot;:&quot;top&quot;,&quot;hotspot_tooltip_position&quot;:&quot;no&quot;,&quot;hotspot_position&quot;:null,&quot;hotspot_tooltip_width&quot;:null,&quot;hotspot_tooltip_text_wrap&quot;:null},{&quot;hotspot_custom_size&quot;:&quot;&quot;,&quot;hotspot_tooltip_content&quot;:&quot;&lt;p&gt;Wien&lt;\\\/p&gt;&quot;,&quot;hotspot_offset_x&quot;:{&quot;unit&quot;:&quot;%&quot;,&quot;size&quot;:70,&quot;sizes&quot;:[]},&quot;hotspot_offset_y&quot;:{&quot;unit&quot;:&quot;%&quot;,&quot;size&quot;:61,&quot;sizes&quot;:[]},&quot;_id&quot;:&quot;8d87815&quot;,&quot;hotspot_label&quot;:&quot;&quot;,&quot;hotspot_link&quot;:{&quot;url&quot;:&quot;&quot;,&quot;is_external&quot;:&quot;&quot;,&quot;nofollow&quot;:&quot;&quot;,&quot;custom_attributes&quot;:&quot;&quot;},&quot;hotspot_icon&quot;:{&quot;value&quot;:&quot;&quot;,&quot;library&quot;:&quot;&quot;},&quot;hotspot_icon_position&quot;:null,&quot;hotspot_icon_spacing&quot;:null,&quot;hotspot_width&quot;:null,&quot;hotspot_height&quot;:null,&quot;hotspot_horizontal&quot;:&quot;left&quot;,&quot;hotspot_vertical&quot;:&quot;top&quot;,&quot;hotspot_tooltip_position&quot;:&quot;no&quot;,&quot;hotspot_position&quot;:null,&quot;hotspot_tooltip_width&quot;:null,&quot;hotspot_tooltip_text_wrap&quot;:null},{&quot;hotspot_custom_size&quot;:&quot;&quot;,&quot;hotspot_tooltip_content&quot;:&quot;&lt;p&gt;Bergeijk (NL)&lt;\\\/p&gt;&quot;,&quot;hotspot_offset_x&quot;:{&quot;unit&quot;:&quot;%&quot;,&quot;size&quot;:29,&quot;sizes&quot;:[]},&quot;hotspot_offset_y&quot;:{&quot;unit&quot;:&quot;%&quot;,&quot;size&quot;:39,&quot;sizes&quot;:[]},&quot;_id&quot;:&quot;b3367f1&quot;,&quot;hotspot_label&quot;:&quot;&quot;,&quot;hotspot_link&quot;:{&quot;url&quot;:&quot;&quot;,&quot;is_external&quot;:&quot;&quot;,&quot;nofollow&quot;:&quot;&quot;,&quot;custom_attributes&quot;:&quot;&quot;},&quot;hotspot_icon&quot;:{&quot;value&quot;:&quot;&quot;,&quot;library&quot;:&quot;&quot;},&quot;hotspot_icon_position&quot;:null,&quot;hotspot_icon_spacing&quot;:null,&quot;hotspot_width&quot;:null,&quot;hotspot_height&quot;:null,&quot;hotspot_horizontal&quot;:&quot;left&quot;,&quot;hotspot_vertical&quot;:&quot;top&quot;,&quot;hotspot_tooltip_position&quot;:&quot;no&quot;,&quot;hotspot_position&quot;:null,&quot;hotspot_tooltip_width&quot;:null,&quot;hotspot_tooltip_text_wrap&quot;:null}],&quot;tooltip_trigger&quot;:&quot;mouseenter&quot;,&quot;tooltip_position&quot;:&quot;top&quot;,&quot;tooltip_animation&quot;:&quot;e-hotspot--fade-in-out&quot;}\" data-widget_type=\"hotspot.default\">\n\t\t\t\t<div class=\"elementor-widget-container\">\n\t\t\t\t\t<img loading=\"lazy\" decoding=\"async\" width=\"640\" height=\"573\" src=\"https:\/\/mejo.de\/wp-content\/uploads\/2023\/09\/standorte-map-1024x916.webp\" class=\"attachment-large size-large wp-image-674\" alt=\"\" srcset=\"https:\/\/mejo.de\/wp-content\/uploads\/2023\/09\/standorte-map-1024x916.webp 1024w, https:\/\/mejo.de\/wp-content\/uploads\/2023\/09\/standorte-map-600x537.webp 600w, https:\/\/mejo.de\/wp-content\/uploads\/2023\/09\/standorte-map-768x687.webp 768w, https:\/\/mejo.de\/wp-content\/uploads\/2023\/09\/standorte-map.webp 1200w\" sizes=\"(max-width: 640px) 100vw, 640px\" \/>\n\t\t\t\t\t\t<div class=\"e-hotspot elementor-repeater-item-462675b  e-hotspot--position-left e-hotspot--position-top   e-hotspot--circle\">\n\n\t\t\t\t\t\t\t\t<div class=\"e-hotspot__button e-hotspot--expand\">\n\t\t\t\t\t\t\t\t\t\t\t<div class=\"e-hotspot__outer-circle\"><\/div>\n\t\t\t\t\t\t<div class=\"e-hotspot__inner-circle\"><\/div>\n\t\t\t\t\t\t\t\t\t<\/div>\n\n\t\t\t\t\t\t\t\t\t\t\t\t\t\t\t\t\t\t<div class=\"e-hotspot__tooltip  e-hotspot--tooltip-position e-hotspot--fade-in-out \" >\n\t\t\t\t\t\t<p>\u00a0<\/p><p>D\u00fcsseldorf<\/p>\t\t\t\t\t<\/div>\n\t\t\t\t\t\t\t\t\t\n\t\t\t<\/div>\n\n\t\n\t\t\t\t\t\t<div class=\"e-hotspot elementor-repeater-item-b9f18df  e-hotspot--position-left e-hotspot--position-top   e-hotspot--circle\">\n\n\t\t\t\t\t\t\t\t<div class=\"e-hotspot__button e-hotspot--expand\">\n\t\t\t\t\t\t\t\t\t\t\t<div class=\"e-hotspot__outer-circle\"><\/div>\n\t\t\t\t\t\t<div class=\"e-hotspot__inner-circle\"><\/div>\n\t\t\t\t\t\t\t\t\t<\/div>\n\n\t\t\t\t\t\t\t\t\t\t\t\t\t\t\t\t\t\t<div class=\"e-hotspot__tooltip  e-hotspot--tooltip-position e-hotspot--fade-in-out \" >\n\t\t\t\t\t\t<p>Viersen<\/p>\t\t\t\t\t<\/div>\n\t\t\t\t\t\t\t\t\t\n\t\t\t<\/div>\n\n\t\n\t\t\t\t\t\t<div class=\"e-hotspot elementor-repeater-item-21e91c1  e-hotspot--position-left e-hotspot--position-top   e-hotspot--circle\">\n\n\t\t\t\t\t\t\t\t<div class=\"e-hotspot__button e-hotspot--expand\">\n\t\t\t\t\t\t\t\t\t\t\t<div class=\"e-hotspot__outer-circle\"><\/div>\n\t\t\t\t\t\t<div class=\"e-hotspot__inner-circle\"><\/div>\n\t\t\t\t\t\t\t\t\t<\/div>\n\n\t\t\t\t\t\t\t\t\t\t\t\t\t\t\t\t\t\t<div class=\"e-hotspot__tooltip  e-hotspot--tooltip-position e-hotspot--fade-in-out \" >\n\t\t\t\t\t\t<p>N\u00fcrnberg<\/p>\t\t\t\t\t<\/div>\n\t\t\t\t\t\t\t\t\t\n\t\t\t<\/div>\n\n\t\n\t\t\t\t\t\t<div class=\"e-hotspot elementor-repeater-item-8d87815  e-hotspot--position-left e-hotspot--position-top   e-hotspot--circle\">\n\n\t\t\t\t\t\t\t\t<div class=\"e-hotspot__button e-hotspot--expand\">\n\t\t\t\t\t\t\t\t\t\t\t<div class=\"e-hotspot__outer-circle\"><\/div>\n\t\t\t\t\t\t<div class=\"e-hotspot__inner-circle\"><\/div>\n\t\t\t\t\t\t\t\t\t<\/div>\n\n\t\t\t\t\t\t\t\t\t\t\t\t\t\t\t\t\t\t<div class=\"e-hotspot__tooltip  e-hotspot--tooltip-position e-hotspot--fade-in-out \" >\n\t\t\t\t\t\t<p>Wien<\/p>\t\t\t\t\t<\/div>\n\t\t\t\t\t\t\t\t\t\n\t\t\t<\/div>\n\n\t\n\t\t\t\t\t\t<div class=\"e-hotspot elementor-repeater-item-b3367f1  e-hotspot--position-left e-hotspot--position-top   e-hotspot--circle\">\n\n\t\t\t\t\t\t\t\t<div class=\"e-hotspot__button e-hotspot--expand\">\n\t\t\t\t\t\t\t\t\t\t\t<div class=\"e-hotspot__outer-circle\"><\/div>\n\t\t\t\t\t\t<div class=\"e-hotspot__inner-circle\"><\/div>\n\t\t\t\t\t\t\t\t\t<\/div>\n\n\t\t\t\t\t\t\t\t\t\t\t\t\t\t\t\t\t\t<div class=\"e-hotspot__tooltip  e-hotspot--tooltip-position e-hotspot--fade-in-out \" >\n\t\t\t\t\t\t<p>Bergeijk (NL)<\/p>\t\t\t\t\t<\/div>\n\t\t\t\t\t\t\t\t\t\n\t\t\t<\/div>\n\n\t\n\t\t\t\t\t\t<\/div>\n\t\t\t\t<\/div>\n\t\t\t\t\t<\/div>\n\t\t<\/div>\n\t\t\t\t\t<\/div>\n\t\t<\/section>\n\t\t\t\t<\/div>\n\t\t","protected":false},"excerpt":{"rendered":"<p>Standorte mejo ist in drei L\u00e4ndern an insgesamt f\u00fcnf Standorten vertreten. Deutschland wird von der mejo Metall Josten GmbH &amp; Co. KG betreut, \u00d6sterreich von der mejo Aluminium GmbH und Benelux von der mejo Aluminium B. V. Die n\u00e4chste mejo Niederlassung in Ihrer N\u00e4he entnehmen Sie der untenstehenden Liste. Eine \u00dcbersicht \u00fcber alle zust\u00e4ndigen Ansprechpartner:innen [&hellip;]<\/p>\n","protected":false},"author":2,"featured_media":0,"parent":1846,"menu_order":31,"comment_status":"closed","ping_status":"closed","template":"","meta":{"footnotes":""},"class_list":["post-1281","page","type-page","status-publish","hentry"],"_links":{"self":[{"href":"https:\/\/mejo.de\/nl\/wp-json\/wp\/v2\/pages\/1281","targetHints":{"allow":["GET"]}}],"collection":[{"href":"https:\/\/mejo.de\/nl\/wp-json\/wp\/v2\/pages"}],"about":[{"href":"https:\/\/mejo.de\/nl\/wp-json\/wp\/v2\/types\/page"}],"author":[{"embeddable":true,"href":"https:\/\/mejo.de\/nl\/wp-json\/wp\/v2\/users\/2"}],"replies":[{"embeddable":true,"href":"https:\/\/mejo.de\/nl\/wp-json\/wp\/v2\/comments?post=1281"}],"version-history":[{"count":0,"href":"https:\/\/mejo.de\/nl\/wp-json\/wp\/v2\/pages\/1281\/revisions"}],"up":[{"embeddable":true,"href":"https:\/\/mejo.de\/nl\/wp-json\/wp\/v2\/pages\/1846"}],"wp:attachment":[{"href":"https:\/\/mejo.de\/nl\/wp-json\/wp\/v2\/media?parent=1281"}],"curies":[{"name":"wp","href":"https:\/\/api.w.org\/{rel}","templated":true}]}}