{"id":1191,"date":"2023-10-31T09:38:14","date_gmt":"2023-10-31T09:38:14","guid":{"rendered":"https:\/\/mejo.jos-buero.de\/?page_id=1191"},"modified":"2025-11-14T13:23:44","modified_gmt":"2025-11-14T13:23:44","slug":"impressum","status":"publish","type":"page","link":"https:\/\/mejo.de\/nl\/impressum\/","title":{"rendered":"Colofon"},"content":{"rendered":"<div data-elementor-type=\"wp-page\" data-elementor-id=\"1191\" class=\"elementor elementor-1191\" data-elementor-post-type=\"page\">\n\t\t\t\t\t\t<section class=\"elementor-section elementor-top-section elementor-element elementor-element-656ca8c elementor-section-height-min-height elementor-section-items-top green bg-cross fullwidth elementor-section-boxed elementor-section-height-default\" data-id=\"656ca8c\" data-element_type=\"section\" data-e-type=\"section\" data-settings=\"{&quot;background_background&quot;:&quot;classic&quot;}\">\n\t\t\t\t\t\t\t<div class=\"elementor-background-overlay\"><\/div>\n\t\t\t\t\t\t\t<div class=\"elementor-container elementor-column-gap-default\">\n\t\t\t\t\t<div class=\"elementor-column elementor-col-50 elementor-top-column elementor-element elementor-element-9cb6501\" data-id=\"9cb6501\" data-element_type=\"column\" data-e-type=\"column\">\n\t\t\t<div class=\"elementor-widget-wrap elementor-element-populated\">\n\t\t\t\t\t\t<div class=\"elementor-element elementor-element-2c34e9a elementor-widget elementor-widget-heading\" data-id=\"2c34e9a\" data-element_type=\"widget\" data-e-type=\"widget\" data-widget_type=\"heading.default\">\n\t\t\t\t<div class=\"elementor-widget-container\">\n\t\t\t\t\t<h1 class=\"elementor-heading-title elementor-size-default\">Colofon<\/h1>\t\t\t\t<\/div>\n\t\t\t\t<\/div>\n\t\t\t\t\t<\/div>\n\t\t<\/div>\n\t\t\t\t<div class=\"elementor-column elementor-col-50 elementor-top-column elementor-element elementor-element-991ddd3\" data-id=\"991ddd3\" data-element_type=\"column\" data-e-type=\"column\">\n\t\t\t<div class=\"elementor-widget-wrap\">\n\t\t\t\t\t\t\t<\/div>\n\t\t<\/div>\n\t\t\t\t\t<\/div>\n\t\t<\/section>\n\t\t\t\t<section class=\"elementor-section elementor-top-section elementor-element elementor-element-93ce523 elementor-section-boxed elementor-section-height-default elementor-section-height-default\" data-id=\"93ce523\" data-element_type=\"section\" data-e-type=\"section\">\n\t\t\t\t\t\t<div class=\"elementor-container elementor-column-gap-default\">\n\t\t\t\t\t<div class=\"elementor-column elementor-col-100 elementor-top-column elementor-element elementor-element-99e3de9\" data-id=\"99e3de9\" data-element_type=\"column\" data-e-type=\"column\">\n\t\t\t<div class=\"elementor-widget-wrap elementor-element-populated\">\n\t\t\t\t\t\t<div class=\"elementor-element elementor-element-25c0746 elementor-widget elementor-widget-spacer\" data-id=\"25c0746\" data-element_type=\"widget\" data-e-type=\"widget\" data-widget_type=\"spacer.default\">\n\t\t\t\t<div class=\"elementor-widget-container\">\n\t\t\t\t\t\t\t<div class=\"elementor-spacer\">\n\t\t\t<div class=\"elementor-spacer-inner\"><\/div>\n\t\t<\/div>\n\t\t\t\t\t\t<\/div>\n\t\t\t\t<\/div>\n\t\t\t\t<div class=\"elementor-element elementor-element-55529a2 elementor-widget elementor-widget-text-editor\" data-id=\"55529a2\" data-element_type=\"widget\" data-e-type=\"widget\" data-widget_type=\"text-editor.default\">\n\t\t\t\t<div class=\"elementor-widget-container\">\n\t\t\t\t\t\t\t\t\t<h3>Gegevens volgens \u00a7 5 van de Duitse Telemediawet:<\/h3>\t\t\t\t\t\t\t\t<\/div>\n\t\t\t\t<\/div>\n\t\t\t\t<div class=\"elementor-element elementor-element-bef76d7 elementor-widget elementor-widget-text-editor\" data-id=\"bef76d7\" data-element_type=\"widget\" data-e-type=\"widget\" data-widget_type=\"text-editor.default\">\n\t\t\t\t<div class=\"elementor-widget-container\">\n\t\t\t\t\t\t\t\t\t<table style=\"width: 100%; border-collapse: collapse;\" border=\"1\"><tbody><tr><td style=\"width: 24.0541%; vertical-align: top;\"><p><strong>Verantwoordelijk voor de inhoud<\/strong><\/p><\/td><td style=\"width: 75.9459%; vertical-align: top;\"><p>mejo Metall Josten GmbH &amp; Co. KG<\/p><\/td><\/tr><tr><td style=\"width: 24.0541%; vertical-align: top;\"><p><span style=\"color: #333333;\"><strong>Adres<\/strong><\/span><\/p><\/td><td style=\"width: 75.9459%; vertical-align: top;\"><p>Bublitzer Str. 23<br \/>40599 D\u00fcsseldorf (Duitsland)<\/p><\/td><\/tr><tr><td style=\"width: 24.0541%; vertical-align: top;\"><p><span style=\"color: #333333;\"><strong>Telefoon<\/strong><\/span><\/p><\/td><td style=\"width: 75.9459%; vertical-align: top;\"><p>+49 211 998900<\/p><\/td><\/tr><tr><td style=\"width: 24.0541%; vertical-align: top;\"><p><span style=\"color: #333333;\"><strong>E-mail<\/strong><\/span><\/p><\/td><td style=\"width: 75.9459%; vertical-align: top;\"><p>info@mejo.de<\/p><\/td><\/tr><tr><td style=\"width: 24.0541%; vertical-align: top;\"><p><span style=\"color: #333333;\"><strong>Handelsregister<\/strong><\/span><\/p><\/td><td style=\"width: 75.9459%; vertical-align: top;\"><p>Rechtbank D\u00fcsseldorf HRA 1166<\/p><\/td><\/tr><tr><td style=\"width: 24.0541%; vertical-align: top;\"><p><strong>Contactpersonen<\/strong><\/p><\/td><td style=\"width: 75.9459%; vertical-align: top;\"><p>Stephan A. Josten<\/p><\/td><\/tr><tr><td style=\"width: 24.0541%; vertical-align: top;\"><p><strong>Persoonlijk aansprakelijke vennoot<\/strong><\/p><\/td><td style=\"width: 75.9459%; vertical-align: top;\"><p>mejo Josten Verwaltungs GmbH<\/p><\/td><\/tr><tr><td style=\"width: 24.0541%; vertical-align: top;\"><p><strong>Handelsregister<\/strong><\/p><\/td><td style=\"width: 75.9459%; vertical-align: top;\"><p>Rechtbank D\u00fcsseldorf HRB36641<\/p><\/td><\/tr><tr><td style=\"width: 24.0541%; vertical-align: top;\"><p><strong>Bedrijfsleider<\/strong><\/p><\/td><td style=\"width: 75.9459%; vertical-align: top;\"><p>Stephan A. Josten<\/p><\/td><\/tr><tr><td style=\"width: 24.0541%; vertical-align: top;\"><p><strong>Btw-nr.<\/strong><\/p><\/td><td style=\"width: 75.9459%; vertical-align: top;\"><p>DE 121286689<\/p><\/td><\/tr><tr><td style=\"width: 24.0541%; vertical-align: top;\"><p><strong>Functionaris voor gegevensbescherming<\/strong><\/p><\/td><td style=\"width: 75.9459%; vertical-align: top;\"><p>Dipl.-Ing. Thorsten Werning<\/p><\/td><\/tr><tr><td style=\"width: 24.0541%; vertical-align: top;\"><p><strong>Contact<\/strong><\/p><\/td><td style=\"width: 75.9459%; vertical-align: top;\"><p>datenschutz@mejo.de<\/p><\/td><\/tr><tr><td style=\"width: 24.0541%; vertical-align: top;\"><p><strong>Branding en webdesign<\/strong><\/p><\/td><td style=\"width: 75.9459%; vertical-align: top;\"><p><a href=\"https:\/\/jos-buero.de\/\" target=\"_blank\" rel=\"noopener nofollow\">jo\u2019s b\u00fcro f\u00fcr Gestaltung GmbH<\/a><\/p><\/td><\/tr><\/tbody><\/table>\t\t\t\t\t\t\t\t<\/div>\n\t\t\t\t<\/div>\n\t\t\t\t\t<\/div>\n\t\t<\/div>\n\t\t\t\t\t<\/div>\n\t\t<\/section>\n\t\t\t\t<section class=\"elementor-section elementor-top-section elementor-element elementor-element-7f86e96 elementor-section-boxed elementor-section-height-default elementor-section-height-default\" data-id=\"7f86e96\" data-element_type=\"section\" data-e-type=\"section\">\n\t\t\t\t\t\t<div class=\"elementor-container elementor-column-gap-default\">\n\t\t\t\t\t<div class=\"elementor-column elementor-col-100 elementor-top-column elementor-element elementor-element-00f3423\" data-id=\"00f3423\" data-element_type=\"column\" data-e-type=\"column\">\n\t\t\t<div class=\"elementor-widget-wrap elementor-element-populated\">\n\t\t\t\t\t\t<div class=\"elementor-element elementor-element-3ae3557 elementor-widget elementor-widget-spacer\" data-id=\"3ae3557\" data-element_type=\"widget\" data-e-type=\"widget\" data-widget_type=\"spacer.default\">\n\t\t\t\t<div class=\"elementor-widget-container\">\n\t\t\t\t\t\t\t<div class=\"elementor-spacer\">\n\t\t\t<div class=\"elementor-spacer-inner\"><\/div>\n\t\t<\/div>\n\t\t\t\t\t\t<\/div>\n\t\t\t\t<\/div>\n\t\t\t\t\t<\/div>\n\t\t<\/div>\n\t\t\t\t\t<\/div>\n\t\t<\/section>\n\t\t\t\t<section class=\"elementor-section elementor-top-section elementor-element elementor-element-d57f360 elementor-section-boxed elementor-section-height-default elementor-section-height-default\" data-id=\"d57f360\" data-element_type=\"section\" data-e-type=\"section\">\n\t\t\t\t\t\t<div class=\"elementor-container elementor-column-gap-default\">\n\t\t\t\t\t<div class=\"elementor-column elementor-col-66 elementor-top-column elementor-element elementor-element-68b5a26\" data-id=\"68b5a26\" data-element_type=\"column\" data-e-type=\"column\">\n\t\t\t<div class=\"elementor-widget-wrap elementor-element-populated\">\n\t\t\t\t\t\t<div class=\"elementor-element elementor-element-514fad9 elementor-widget elementor-widget-text-editor\" data-id=\"514fad9\" data-element_type=\"widget\" data-e-type=\"widget\" data-widget_type=\"text-editor.default\">\n\t\t\t\t<div class=\"elementor-widget-container\">\n\t\t\t\t\t\t\t\t\t<h2>GESCHILLENBESLECHTING<\/h2>\t\t\t\t\t\t\t\t<\/div>\n\t\t\t\t<\/div>\n\t\t\t\t<div class=\"elementor-element elementor-element-0d5aa2b elementor-widget elementor-widget-text-editor\" data-id=\"0d5aa2b\" data-element_type=\"widget\" data-e-type=\"widget\" data-widget_type=\"text-editor.default\">\n\t\t\t\t<div class=\"elementor-widget-container\">\n\t\t\t\t\t\t\t\t\t<div title=\"Page 1\">De Europese Commissie stelt een platform voor onlinegeschillenbeslechting ter beschikking: <a title=\"Online-Streitbeilegung (OS)\" href=\"https:\/\/ec.europa.eu\/consumers\/odr\" target=\"_blank\" rel=\"noopener noreferrer nofollow\">https:\/\/ec.europa.eu\/consumers\/odr https:\/\/ec.europa.eu\/consumers\/odr<\/a><\/div>\t\t\t\t\t\t\t\t<\/div>\n\t\t\t\t<\/div>\n\t\t\t\t<div class=\"elementor-element elementor-element-d0ec5a1 elementor-widget elementor-widget-text-editor\" data-id=\"d0ec5a1\" data-element_type=\"widget\" data-e-type=\"widget\" data-widget_type=\"text-editor.default\">\n\t\t\t\t<div class=\"elementor-widget-container\">\n\t\t\t\t\t\t\t\t\t<h2>AANSPRAKELIJK VOOR INHOUD<\/h2>\t\t\t\t\t\t\t\t<\/div>\n\t\t\t\t<\/div>\n\t\t\t\t<div class=\"elementor-element elementor-element-54f4401 elementor-widget elementor-widget-text-editor\" data-id=\"54f4401\" data-element_type=\"widget\" data-e-type=\"widget\" data-widget_type=\"text-editor.default\">\n\t\t\t\t<div class=\"elementor-widget-container\">\n\t\t\t\t\t\t\t\t\t<div title=\"Page 2\"><div><div><p>Als dienstverlener zijn we overeenkomstig \u00a7 7 lid 1 Duitse Telemediawet volgens de algemene wetgeving verantwoordelijk voor de eigen inhoud op deze pagina's. Volgens \u00a7\u00a7 8 t\/m 10 van de Duitse Telemediawet zijn we er als dienstverlener echter niet toe verplicht om de verstrekte of opgeslagen gegevens van derden te monitoren of onderzoek te doen naar omstandigheden die mogelijk duiden op illegale activiteiten.<\/p><p>Dit laat de verplichtingen tot verwijdering of blokkering van het gebruik van informatie volgens de algemene wetgeving onverlet. Wij zijn in dit opzicht pas aansprakelijk vanaf het moment dat wij op de hoogte zijn van een daadwerkelijke inbreuk. Wij zullen de desbetreffende inhoud in dat geval meteen verwijderen.<\/p><\/div><\/div><\/div>\t\t\t\t\t\t\t\t<\/div>\n\t\t\t\t<\/div>\n\t\t\t\t<div class=\"elementor-element elementor-element-27bbbf4 elementor-widget elementor-widget-text-editor\" data-id=\"27bbbf4\" data-element_type=\"widget\" data-e-type=\"widget\" data-widget_type=\"text-editor.default\">\n\t\t\t\t<div class=\"elementor-widget-container\">\n\t\t\t\t\t\t\t\t\t<h2>AUTEURSRECHT<\/h2>\t\t\t\t\t\t\t\t<\/div>\n\t\t\t\t<\/div>\n\t\t\t\t<div class=\"elementor-element elementor-element-ff8aa94 elementor-widget elementor-widget-text-editor\" data-id=\"ff8aa94\" data-element_type=\"widget\" data-e-type=\"widget\" data-widget_type=\"text-editor.default\">\n\t\t\t\t<div class=\"elementor-widget-container\">\n\t\t\t\t\t\t\t\t\t<div title=\"Page 2\"><p>Het Duitse auteursrecht is van toepassing op inhoud en materiaal op deze pagina's die door de beheerders van de site zijn samengesteld. De vermenigvuldiging, bewerking, verspreiding en elk gebruik ervan buiten het kader van de auteursrechten, is uitsluitend toegestaan indien de auteur of samensteller daarvoor uitdrukkelijk schriftelijke toestemming heeft verleend. Alleen voor persoonlijk, niet-commercieel gebruik is het toegestaan om inhoud van deze website te downloaden of te kopi\u00ebren.<\/p><p>Voor inhoud op deze pagina die niet door de beheerder is gemaakt, wordt het auteursrecht van derden in acht genomen. Door derden opgestelde inhoud wordt daarom specifiek als zodanig aangemerkt. Mocht je toch een auteursrechtelijke inbreuk opmerken, vragen wij je om deze bij ons te melden. Als we een inbreuk constateren, verwijderen we dergelijke inhoud meteen.<\/p><\/div>\t\t\t\t\t\t\t\t<\/div>\n\t\t\t\t<\/div>\n\t\t\t\t<div class=\"elementor-element elementor-element-b3e364a elementor-widget elementor-widget-text-editor\" data-id=\"b3e364a\" data-element_type=\"widget\" data-e-type=\"widget\" data-widget_type=\"text-editor.default\">\n\t\t\t\t<div class=\"elementor-widget-container\">\n\t\t\t\t\t\t\t\t\t<h3><strong>Overige informatie:<\/strong><\/h3>\t\t\t\t\t\t\t\t<\/div>\n\t\t\t\t<\/div>\n\t\t\t\t<div class=\"elementor-element elementor-element-5378703 elementor-widget elementor-widget-text-editor\" data-id=\"5378703\" data-element_type=\"widget\" data-e-type=\"widget\" data-widget_type=\"text-editor.default\">\n\t\t\t\t<div class=\"elementor-widget-container\">\n\t\t\t\t\t\t\t\t\t<div title=\"Page 2\"><p><a title=\"Allgemeine Gesch\u00e4ftsbedingungen\" href=\"https:\/\/mejo.de\/wp-content\/uploads\/2024\/09\/mejo-unternehmen-agb-2023-de.pdf\" target=\"_blank\" rel=\"noopener noreferrer\">Algemene voorwaarden<\/a><\/p><p><a title=\"EU-Datenschutzerkl\u00e4rung (DSGVO)\" href=\"https:\/\/mejo.de\/nl\/datenschutzerklaerung\/\" target=\"_blank\" rel=\"noopener noreferrer\">Privacyverklaring<\/a><\/p><\/div>\t\t\t\t\t\t\t\t<\/div>\n\t\t\t\t<\/div>\n\t\t\t\t\t<\/div>\n\t\t<\/div>\n\t\t\t\t<div class=\"elementor-column elementor-col-33 elementor-top-column elementor-element elementor-element-9d6ca60\" data-id=\"9d6ca60\" data-element_type=\"column\" data-e-type=\"column\">\n\t\t\t<div class=\"elementor-widget-wrap\">\n\t\t\t\t\t\t\t<\/div>\n\t\t<\/div>\n\t\t\t\t\t<\/div>\n\t\t<\/section>\n\t\t\t\t<\/div>","protected":false},"excerpt":{"rendered":"<p>Impressum Angaben gema\u0308\u00df \u00a7 5 TMG: Verantwortlich f\u00fcr den Inhalt mejo Metall Josten GmbH &amp; Co. KG Adresse Bublitzer Str. 23D\u201340599 D\u00fcsseldorf Telefon +49 211 998900 E-Mail info@mejo.de Handelsregister Amtsgericht D\u00fcsseldorf HRA 1166 Ansprechpartner Stephan A. Josten Pers. haft. Gesellschafterin mejo Josten Verwaltungs GmbH Handelsregister Amtsgericht D\u00fcsseldorf HRB36641 Gesch\u00e4ftsf\u00fchrer Stephan A. Josten USt.-IdNr. DE 121286689 [&hellip;]<\/p>\n","protected":false},"author":2,"featured_media":0,"parent":0,"menu_order":51,"comment_status":"closed","ping_status":"closed","template":"","meta":{"footnotes":""},"class_list":["post-1191","page","type-page","status-publish","hentry"],"_links":{"self":[{"href":"https:\/\/mejo.de\/nl\/wp-json\/wp\/v2\/pages\/1191","targetHints":{"allow":["GET"]}}],"collection":[{"href":"https:\/\/mejo.de\/nl\/wp-json\/wp\/v2\/pages"}],"about":[{"href":"https:\/\/mejo.de\/nl\/wp-json\/wp\/v2\/types\/page"}],"author":[{"embeddable":true,"href":"https:\/\/mejo.de\/nl\/wp-json\/wp\/v2\/users\/2"}],"replies":[{"embeddable":true,"href":"https:\/\/mejo.de\/nl\/wp-json\/wp\/v2\/comments?post=1191"}],"version-history":[{"count":0,"href":"https:\/\/mejo.de\/nl\/wp-json\/wp\/v2\/pages\/1191\/revisions"}],"wp:attachment":[{"href":"https:\/\/mejo.de\/nl\/wp-json\/wp\/v2\/media?parent=1191"}],"curies":[{"name":"wp","href":"https:\/\/api.w.org\/{rel}","templated":true}]}}