{"id":2400,"date":"2024-03-15T13:13:10","date_gmt":"2024-03-15T13:13:10","guid":{"rendered":"https:\/\/mejo.jos-buero.de\/?page_id=2400"},"modified":"2024-08-29T14:55:45","modified_gmt":"2024-08-29T14:55:45","slug":"die-making","status":"publish","type":"page","link":"https:\/\/mejo.de\/en\/service\/leistungen\/werkzeugbau\/","title":{"rendered":"Die making"},"content":{"rendered":"<div data-elementor-type=\"wp-page\" data-elementor-id=\"2400\" class=\"elementor elementor-2400\" data-elementor-post-type=\"page\">\n\t\t\t\t\t\t<section class=\"elementor-section elementor-top-section elementor-element elementor-element-3dadbfa elementor-section-height-min-height elementor-section-items-top fullwidth green bg-cross white right-middle elementor-section-boxed elementor-section-height-default\" data-id=\"3dadbfa\" data-element_type=\"section\" data-e-type=\"section\" data-settings=\"{&quot;background_background&quot;:&quot;video&quot;,&quot;background_video_link&quot;:&quot;https:\\\/\\\/mejo.de\\\/wp-content\\\/uploads\\\/2024\\\/07\\\/mejo-service-werkzeugbau-1.mp4&quot;}\">\n\t\t\t\t\t\t\t\t<div class=\"elementor-background-video-container elementor-hidden-mobile\">\n\t\t\t\t\t\t\t\t\t\t\t\t\t<video class=\"elementor-background-video-hosted\" role=\"presentation\" autoplay muted playsinline loop><\/video>\n\t\t\t\t\t\t\t\t\t\t\t<\/div>\n\t\t\t\t\t\t\t\t<div class=\"elementor-container elementor-column-gap-default\">\n\t\t\t\t\t<div class=\"elementor-column elementor-col-50 elementor-top-column elementor-element elementor-element-ce3a83e\" data-id=\"ce3a83e\" data-element_type=\"column\" data-e-type=\"column\">\n\t\t\t<div class=\"elementor-widget-wrap elementor-element-populated\">\n\t\t\t\t\t\t<div class=\"elementor-element elementor-element-9d7c598 elementor-widget elementor-widget-global elementor-global-1829 elementor-widget-breadcrumbs\" data-id=\"9d7c598\" data-element_type=\"widget\" data-e-type=\"widget\" data-widget_type=\"breadcrumbs.default\">\n\t\t\t\t<div class=\"elementor-widget-container\">\n\t\t\t\t\t<nav><span class=\"last\">Home<\/span><\/nav>\t\t\t\t<\/div>\n\t\t\t\t<\/div>\n\t\t\t\t<div class=\"elementor-element elementor-element-bb0a949 elementor-widget elementor-widget-heading\" data-id=\"bb0a949\" data-element_type=\"widget\" data-e-type=\"widget\" data-widget_type=\"heading.default\">\n\t\t\t\t<div class=\"elementor-widget-container\">\n\t\t\t\t\t<h1 class=\"elementor-heading-title elementor-size-default\">Die making<\/h1>\t\t\t\t<\/div>\n\t\t\t\t<\/div>\n\t\t\t\t<section class=\"elementor-section elementor-inner-section elementor-element elementor-element-f02c730 indent elementor-section-boxed elementor-section-height-default elementor-section-height-default\" data-id=\"f02c730\" data-element_type=\"section\" data-e-type=\"section\">\n\t\t\t\t\t\t<div class=\"elementor-container elementor-column-gap-default\">\n\t\t\t\t\t<div class=\"elementor-column elementor-col-100 elementor-inner-column elementor-element elementor-element-1e7ccea\" data-id=\"1e7ccea\" data-element_type=\"column\" data-e-type=\"column\">\n\t\t\t<div class=\"elementor-widget-wrap elementor-element-populated\">\n\t\t\t\t\t\t<div class=\"elementor-element elementor-element-10ed219 elementor-widget elementor-widget-text-editor\" data-id=\"10ed219\" data-element_type=\"widget\" data-e-type=\"widget\" data-widget_type=\"text-editor.default\">\n\t\t\t\t<div class=\"elementor-widget-container\">\n\t\t\t\t\t\t\t\t\t<p><strong>We know that the extrusion die used to manufacture aluminium profiles is a crucial factor in the quality and cost-effectiveness of the profiles. <\/strong><\/p><p>At mejo, we attach great importance to high-quality dies, and we produce most of these in our in-house tool and die shop. We can even press profiles with complex cross-sections for you thanks to our in-house CAD engineers and design engineers. You don\u2019t lose any time due to long shipping distances. We can easily carry out any corrections needed and also offer repair and maintenance services.<\/p><p>For batch sizes of 5 tonnes and above, the production of most dies is free of charge for our customers.<\/p>\t\t\t\t\t\t\t\t<\/div>\n\t\t\t\t<\/div>\n\t\t\t\t\t<\/div>\n\t\t<\/div>\n\t\t\t\t\t<\/div>\n\t\t<\/section>\n\t\t\t\t\t<\/div>\n\t\t<\/div>\n\t\t\t\t<div class=\"elementor-column elementor-col-50 elementor-top-column elementor-element elementor-element-b8aba18\" data-id=\"b8aba18\" data-element_type=\"column\" data-e-type=\"column\">\n\t\t\t<div class=\"elementor-widget-wrap\">\n\t\t\t\t\t\t\t<\/div>\n\t\t<\/div>\n\t\t\t\t\t<\/div>\n\t\t<\/section>\n\t\t\t\t<section class=\"elementor-section elementor-top-section elementor-element elementor-element-bb048aa elementor-section-boxed elementor-section-height-default elementor-section-height-default\" data-id=\"bb048aa\" data-element_type=\"section\" data-e-type=\"section\">\n\t\t\t\t\t\t<div class=\"elementor-container elementor-column-gap-default\">\n\t\t\t\t\t<div class=\"elementor-column elementor-col-100 elementor-top-column elementor-element elementor-element-21c9388\" data-id=\"21c9388\" data-element_type=\"column\" data-e-type=\"column\">\n\t\t\t<div class=\"elementor-widget-wrap elementor-element-populated\">\n\t\t\t\t\t\t<div class=\"elementor-element elementor-element-c60f7b1 elementor-widget elementor-widget-spacer\" data-id=\"c60f7b1\" data-element_type=\"widget\" data-e-type=\"widget\" data-widget_type=\"spacer.default\">\n\t\t\t\t<div class=\"elementor-widget-container\">\n\t\t\t\t\t\t\t<div class=\"elementor-spacer\">\n\t\t\t<div class=\"elementor-spacer-inner\"><\/div>\n\t\t<\/div>\n\t\t\t\t\t\t<\/div>\n\t\t\t\t<\/div>\n\t\t\t\t\t<\/div>\n\t\t<\/div>\n\t\t\t\t\t<\/div>\n\t\t<\/section>\n\t\t\t\t<section class=\"elementor-section elementor-top-section elementor-element elementor-element-67231f8 elementor-section-boxed elementor-section-height-default elementor-section-height-default\" data-id=\"67231f8\" data-element_type=\"section\" data-e-type=\"section\">\n\t\t\t\t\t\t<div class=\"elementor-container elementor-column-gap-default\">\n\t\t\t\t\t<div class=\"elementor-column elementor-col-33 elementor-top-column elementor-element elementor-element-94ae96d\" data-id=\"94ae96d\" data-element_type=\"column\" data-e-type=\"column\">\n\t\t\t<div class=\"elementor-widget-wrap elementor-element-populated\">\n\t\t\t\t\t\t<div class=\"elementor-element elementor-element-d2f0ffe elementor-widget__width-initial elementor-widget elementor-widget-image\" data-id=\"d2f0ffe\" data-element_type=\"widget\" data-e-type=\"widget\" data-widget_type=\"image.default\">\n\t\t\t\t<div class=\"elementor-widget-container\">\n\t\t\t\t\t\t\t\t\t\t\t\t\t\t\t<img fetchpriority=\"high\" decoding=\"async\" width=\"400\" height=\"414\" src=\"https:\/\/mejo.de\/wp-content\/uploads\/2024\/05\/mejo-leistungen-2024-icons-werkzeugbau-1.webp\" class=\"attachment-large size-large wp-image-6766\" alt=\"\" \/>\t\t\t\t\t\t\t\t\t\t\t\t\t\t\t<\/div>\n\t\t\t\t<\/div>\n\t\t\t\t\t<\/div>\n\t\t<\/div>\n\t\t\t\t<div class=\"elementor-column elementor-col-66 elementor-top-column elementor-element elementor-element-c40419e\" data-id=\"c40419e\" data-element_type=\"column\" data-e-type=\"column\">\n\t\t\t<div class=\"elementor-widget-wrap elementor-element-populated\">\n\t\t\t\t\t\t<div class=\"elementor-element elementor-element-e8d0b0f elementor-widget elementor-widget-text-editor\" data-id=\"e8d0b0f\" data-element_type=\"widget\" data-e-type=\"widget\" data-widget_type=\"text-editor.default\">\n\t\t\t\t<div class=\"elementor-widget-container\">\n\t\t\t\t\t\t\t\t\t<h3>The advantages for you:<\/h3>\t\t\t\t\t\t\t\t<\/div>\n\t\t\t\t<\/div>\n\t\t\t\t<div class=\"elementor-element elementor-element-cec98b2 elementor-widget elementor-widget-text-editor\" data-id=\"cec98b2\" data-element_type=\"widget\" data-e-type=\"widget\" data-widget_type=\"text-editor.default\">\n\t\t\t\t<div class=\"elementor-widget-container\">\n\t\t\t\t\t\t\t\t\t<ul><li data-list=\"bullet\"><p><strong>High quality:<\/strong> Our dies are manufactured according to the strictest quality standards and are regularly inspected.<\/p><\/li><li data-list=\"bullet\"><p><strong>Cost-effectiveness:<\/strong> By manufacturing the dies in our in-house tool and die shop, we are able to reduce our costs and offer you attractive prices.<\/p><\/li><li data-list=\"bullet\"><p><strong>Flexibility:<\/strong> We can press profiles with complex cross-sections and we can also make modifications at short notice.<\/p><\/li><li data-list=\"bullet\"><p><strong>Speed:<\/strong> We have short delivery times and can deliver your custom profiles to you quickly and reliably.<\/p><\/li><li data-list=\"bullet\"><p><strong>Service:<\/strong> We offer a comprehensive service that starts with the design process and extends all the way to maintenance of the dies.<\/p><\/li><\/ul>\t\t\t\t\t\t\t\t<\/div>\n\t\t\t\t<\/div>\n\t\t\t\t\t<\/div>\n\t\t<\/div>\n\t\t\t\t\t<\/div>\n\t\t<\/section>\n\t\t\t\t<section class=\"elementor-section elementor-top-section elementor-element elementor-element-ed75e03 elementor-section-boxed elementor-section-height-default elementor-section-height-default\" data-id=\"ed75e03\" data-element_type=\"section\" data-e-type=\"section\">\n\t\t\t\t\t\t<div class=\"elementor-container elementor-column-gap-default\">\n\t\t\t\t\t<div class=\"elementor-column elementor-col-33 elementor-top-column elementor-element elementor-element-d1ebeb3\" data-id=\"d1ebeb3\" data-element_type=\"column\" data-e-type=\"column\">\n\t\t\t<div class=\"elementor-widget-wrap\">\n\t\t\t\t\t\t\t<\/div>\n\t\t<\/div>\n\t\t\t\t<div class=\"elementor-column elementor-col-33 elementor-top-column elementor-element elementor-element-95eeaa5\" data-id=\"95eeaa5\" data-element_type=\"column\" data-e-type=\"column\">\n\t\t\t<div class=\"elementor-widget-wrap\">\n\t\t\t\t\t\t\t<\/div>\n\t\t<\/div>\n\t\t\t\t<div class=\"elementor-column elementor-col-33 elementor-top-column elementor-element elementor-element-174855e\" data-id=\"174855e\" data-element_type=\"column\" data-e-type=\"column\">\n\t\t\t<div class=\"elementor-widget-wrap elementor-element-populated\">\n\t\t\t\t\t\t<div class=\"elementor-element elementor-element-3195f19 elementor-widget__width-initial elementor-widget elementor-widget-text-editor\" data-id=\"3195f19\" data-element_type=\"widget\" data-e-type=\"widget\" data-widget_type=\"text-editor.default\">\n\t\t\t\t<div class=\"elementor-widget-container\">\n\t\t\t\t\t\t\t\t\t<h6 class=\"translation-block\">For more information about the die making process, don\u2019t hesitate to get in touch with us directly or send us a message using the <a href=\"https:\/\/mejo.de\/en\/kontakt\/\" target=\"_self\"><u>contact form<\/u><\/a>.<\/h6>\t\t\t\t\t\t\t\t<\/div>\n\t\t\t\t<\/div>\n\t\t\t\t\t<\/div>\n\t\t<\/div>\n\t\t\t\t\t<\/div>\n\t\t<\/section>\n\t\t\t\t<\/div>","protected":false},"excerpt":{"rendered":"<p>Werkzeugbau Wir wissen: Das Werkzeug ist ein entscheidender Faktor f\u00fcr die Qualit\u00e4t und Wirtschaftlichkeit von Aluminiumprofilen. Bei mejo legen wir gro\u00dfen Wert auf qualitativ hochwertige Werkzeuge, die wir meist im werkseigenen Werkzeugbau herstellen. Selbst Profile mit komplizierten Querschnitten k\u00f6nnen wir dank unserer eigenen CAD-Konstrukteur:innen und Entwicklungstechniker:innen f\u00fcr Sie pressen. Sie verlieren keine Zeit durch lange [&hellip;]<\/p>\n","protected":false},"author":4,"featured_media":0,"parent":1286,"menu_order":41,"comment_status":"closed","ping_status":"closed","template":"","meta":{"footnotes":""},"class_list":["post-2400","page","type-page","status-publish","hentry"],"_links":{"self":[{"href":"https:\/\/mejo.de\/en\/wp-json\/wp\/v2\/pages\/2400","targetHints":{"allow":["GET"]}}],"collection":[{"href":"https:\/\/mejo.de\/en\/wp-json\/wp\/v2\/pages"}],"about":[{"href":"https:\/\/mejo.de\/en\/wp-json\/wp\/v2\/types\/page"}],"author":[{"embeddable":true,"href":"https:\/\/mejo.de\/en\/wp-json\/wp\/v2\/users\/4"}],"replies":[{"embeddable":true,"href":"https:\/\/mejo.de\/en\/wp-json\/wp\/v2\/comments?post=2400"}],"version-history":[{"count":0,"href":"https:\/\/mejo.de\/en\/wp-json\/wp\/v2\/pages\/2400\/revisions"}],"up":[{"embeddable":true,"href":"https:\/\/mejo.de\/en\/wp-json\/wp\/v2\/pages\/1286"}],"wp:attachment":[{"href":"https:\/\/mejo.de\/en\/wp-json\/wp\/v2\/media?parent=2400"}],"curies":[{"name":"wp","href":"https:\/\/api.w.org\/{rel}","templated":true}]}}