{"id":1191,"date":"2023-10-31T09:38:14","date_gmt":"2023-10-31T09:38:14","guid":{"rendered":"https:\/\/mejo.jos-buero.de\/?page_id=1191"},"modified":"2025-11-14T13:23:44","modified_gmt":"2025-11-14T13:23:44","slug":"imprint","status":"publish","type":"page","link":"https:\/\/mejo.de\/en\/impressum\/","title":{"rendered":"Imprint"},"content":{"rendered":"<div data-elementor-type=\"wp-page\" data-elementor-id=\"1191\" class=\"elementor elementor-1191\" data-elementor-post-type=\"page\">\n\t\t\t\t\t\t<section class=\"elementor-section elementor-top-section elementor-element elementor-element-656ca8c elementor-section-height-min-height elementor-section-items-top green bg-cross fullwidth elementor-section-boxed elementor-section-height-default\" data-id=\"656ca8c\" data-element_type=\"section\" data-e-type=\"section\" data-settings=\"{&quot;background_background&quot;:&quot;classic&quot;}\">\n\t\t\t\t\t\t\t<div class=\"elementor-background-overlay\"><\/div>\n\t\t\t\t\t\t\t<div class=\"elementor-container elementor-column-gap-default\">\n\t\t\t\t\t<div class=\"elementor-column elementor-col-50 elementor-top-column elementor-element elementor-element-9cb6501\" data-id=\"9cb6501\" data-element_type=\"column\" data-e-type=\"column\">\n\t\t\t<div class=\"elementor-widget-wrap elementor-element-populated\">\n\t\t\t\t\t\t<div class=\"elementor-element elementor-element-2c34e9a elementor-widget elementor-widget-heading\" data-id=\"2c34e9a\" data-element_type=\"widget\" data-e-type=\"widget\" data-widget_type=\"heading.default\">\n\t\t\t\t<div class=\"elementor-widget-container\">\n\t\t\t\t\t<h1 class=\"elementor-heading-title elementor-size-default\">Imprint<\/h1>\t\t\t\t<\/div>\n\t\t\t\t<\/div>\n\t\t\t\t\t<\/div>\n\t\t<\/div>\n\t\t\t\t<div class=\"elementor-column elementor-col-50 elementor-top-column elementor-element elementor-element-991ddd3\" data-id=\"991ddd3\" data-element_type=\"column\" data-e-type=\"column\">\n\t\t\t<div class=\"elementor-widget-wrap\">\n\t\t\t\t\t\t\t<\/div>\n\t\t<\/div>\n\t\t\t\t\t<\/div>\n\t\t<\/section>\n\t\t\t\t<section class=\"elementor-section elementor-top-section elementor-element elementor-element-93ce523 elementor-section-boxed elementor-section-height-default elementor-section-height-default\" data-id=\"93ce523\" data-element_type=\"section\" data-e-type=\"section\">\n\t\t\t\t\t\t<div class=\"elementor-container elementor-column-gap-default\">\n\t\t\t\t\t<div class=\"elementor-column elementor-col-100 elementor-top-column elementor-element elementor-element-99e3de9\" data-id=\"99e3de9\" data-element_type=\"column\" data-e-type=\"column\">\n\t\t\t<div class=\"elementor-widget-wrap elementor-element-populated\">\n\t\t\t\t\t\t<div class=\"elementor-element elementor-element-25c0746 elementor-widget elementor-widget-spacer\" data-id=\"25c0746\" data-element_type=\"widget\" data-e-type=\"widget\" data-widget_type=\"spacer.default\">\n\t\t\t\t<div class=\"elementor-widget-container\">\n\t\t\t\t\t\t\t<div class=\"elementor-spacer\">\n\t\t\t<div class=\"elementor-spacer-inner\"><\/div>\n\t\t<\/div>\n\t\t\t\t\t\t<\/div>\n\t\t\t\t<\/div>\n\t\t\t\t<div class=\"elementor-element elementor-element-55529a2 elementor-widget elementor-widget-text-editor\" data-id=\"55529a2\" data-element_type=\"widget\" data-e-type=\"widget\" data-widget_type=\"text-editor.default\">\n\t\t\t\t<div class=\"elementor-widget-container\">\n\t\t\t\t\t\t\t\t\t<h3>Information according to Section 5<\/br>\nof the German Telemedia Act (Telemediengesetz [TMG])<\/h3>\t\t\t\t\t\t\t\t<\/div>\n\t\t\t\t<\/div>\n\t\t\t\t<div class=\"elementor-element elementor-element-bef76d7 elementor-widget elementor-widget-text-editor\" data-id=\"bef76d7\" data-element_type=\"widget\" data-e-type=\"widget\" data-widget_type=\"text-editor.default\">\n\t\t\t\t<div class=\"elementor-widget-container\">\n\t\t\t\t\t\t\t\t\t<table style=\"width: 100%; border-collapse: collapse;\" border=\"1\"><tbody><tr><td style=\"width: 24.0541%; vertical-align: top;\"><p><strong>Responsible for the content<\/strong><\/p><\/td><td style=\"width: 75.9459%; vertical-align: top;\"><p>mejo Metall Josten GmbH &amp; Co. KG<\/p><\/td><\/tr><tr><td style=\"width: 24.0541%; vertical-align: top;\"><p><span style=\"color: #333333;\"><strong>Adress<\/strong><\/span><\/p><\/td><td style=\"width: 75.9459%; vertical-align: top;\"><p>Bublitzer Str. 23<br \/>D\u201340599 D\u00fcsseldorf<\/p><\/td><\/tr><tr><td style=\"width: 24.0541%; vertical-align: top;\"><p><span style=\"color: #333333;\"><strong>Phone<\/strong><\/span><\/p><\/td><td style=\"width: 75.9459%; vertical-align: top;\"><p>+49 211 998900<\/p><\/td><\/tr><tr><td style=\"width: 24.0541%; vertical-align: top;\"><p><span style=\"color: #333333;\"><strong>Email<\/strong><\/span><\/p><\/td><td style=\"width: 75.9459%; vertical-align: top;\"><p>info@mejo.de<\/p><\/td><\/tr><tr><td style=\"width: 24.0541%; vertical-align: top;\"><p><span style=\"color: #333333;\"><strong>Commercial register<\/strong><\/span><\/p><\/td><td style=\"width: 75.9459%; vertical-align: top;\"><p>Amtsgericht D\u00fcsseldorf HRA 1166<\/p><\/td><\/tr><tr><td style=\"width: 24.0541%; vertical-align: top;\"><p><strong>Contact persons<\/strong><\/p><\/td><td style=\"width: 75.9459%; vertical-align: top;\"><p>Stephan A. Josten<\/p><\/td><\/tr><tr><td style=\"width: 24.0541%; vertical-align: top;\"><p><strong>General partner<\/strong><\/p><\/td><td style=\"width: 75.9459%; vertical-align: top;\"><p>mejo Josten Verwaltungs GmbH<\/p><\/td><\/tr><tr><td style=\"width: 24.0541%; vertical-align: top;\"><p><strong>Commercial register<\/strong><\/p><\/td><td style=\"width: 75.9459%; vertical-align: top;\"><p>Amtsgericht D\u00fcsseldorf HRB36641<\/p><\/td><\/tr><tr><td style=\"width: 24.0541%; vertical-align: top;\"><p><strong>Managing director<\/strong><\/p><\/td><td style=\"width: 75.9459%; vertical-align: top;\"><p>Stephan A. Josten<\/p><\/td><\/tr><tr><td style=\"width: 24.0541%; vertical-align: top;\"><p><strong>VAT ID<\/strong><\/p><\/td><td style=\"width: 75.9459%; vertical-align: top;\"><p>DE 121286689<\/p><\/td><\/tr><tr><td style=\"width: 24.0541%; vertical-align: top;\"><p><strong>Data protection officer<\/strong><\/p><\/td><td style=\"width: 75.9459%; vertical-align: top;\"><p>Dipl.-Ing. Thorsten Werning<\/p><\/td><\/tr><tr><td style=\"width: 24.0541%; vertical-align: top;\"><p><strong>Contact<\/strong><\/p><\/td><td style=\"width: 75.9459%; vertical-align: top;\"><p>datenschutz@mejo.de<\/p><\/td><\/tr><tr><td style=\"width: 24.0541%; vertical-align: top;\"><p><strong>Branding and web design<\/strong><\/p><\/td><td style=\"width: 75.9459%; vertical-align: top;\"><p><a href=\"https:\/\/jos-buero.de\/\" target=\"_blank\" rel=\"noopener nofollow\">jo\u2019s b\u00fcro f\u00fcr Gestaltung GmbH<\/a><\/p><\/td><\/tr><\/tbody><\/table>\t\t\t\t\t\t\t\t<\/div>\n\t\t\t\t<\/div>\n\t\t\t\t\t<\/div>\n\t\t<\/div>\n\t\t\t\t\t<\/div>\n\t\t<\/section>\n\t\t\t\t<section class=\"elementor-section elementor-top-section elementor-element elementor-element-7f86e96 elementor-section-boxed elementor-section-height-default elementor-section-height-default\" data-id=\"7f86e96\" data-element_type=\"section\" data-e-type=\"section\">\n\t\t\t\t\t\t<div class=\"elementor-container elementor-column-gap-default\">\n\t\t\t\t\t<div class=\"elementor-column elementor-col-100 elementor-top-column elementor-element elementor-element-00f3423\" data-id=\"00f3423\" data-element_type=\"column\" data-e-type=\"column\">\n\t\t\t<div class=\"elementor-widget-wrap elementor-element-populated\">\n\t\t\t\t\t\t<div class=\"elementor-element elementor-element-3ae3557 elementor-widget elementor-widget-spacer\" data-id=\"3ae3557\" data-element_type=\"widget\" data-e-type=\"widget\" data-widget_type=\"spacer.default\">\n\t\t\t\t<div class=\"elementor-widget-container\">\n\t\t\t\t\t\t\t<div class=\"elementor-spacer\">\n\t\t\t<div class=\"elementor-spacer-inner\"><\/div>\n\t\t<\/div>\n\t\t\t\t\t\t<\/div>\n\t\t\t\t<\/div>\n\t\t\t\t\t<\/div>\n\t\t<\/div>\n\t\t\t\t\t<\/div>\n\t\t<\/section>\n\t\t\t\t<section class=\"elementor-section elementor-top-section elementor-element elementor-element-d57f360 elementor-section-boxed elementor-section-height-default elementor-section-height-default\" data-id=\"d57f360\" data-element_type=\"section\" data-e-type=\"section\">\n\t\t\t\t\t\t<div class=\"elementor-container elementor-column-gap-default\">\n\t\t\t\t\t<div class=\"elementor-column elementor-col-66 elementor-top-column elementor-element elementor-element-68b5a26\" data-id=\"68b5a26\" data-element_type=\"column\" data-e-type=\"column\">\n\t\t\t<div class=\"elementor-widget-wrap elementor-element-populated\">\n\t\t\t\t\t\t<div class=\"elementor-element elementor-element-514fad9 elementor-widget elementor-widget-text-editor\" data-id=\"514fad9\" data-element_type=\"widget\" data-e-type=\"widget\" data-widget_type=\"text-editor.default\">\n\t\t\t\t<div class=\"elementor-widget-container\">\n\t\t\t\t\t\t\t\t\t<h2>DISPUTE RESOLUTION<\/h2>\t\t\t\t\t\t\t\t<\/div>\n\t\t\t\t<\/div>\n\t\t\t\t<div class=\"elementor-element elementor-element-0d5aa2b elementor-widget elementor-widget-text-editor\" data-id=\"0d5aa2b\" data-element_type=\"widget\" data-e-type=\"widget\" data-widget_type=\"text-editor.default\">\n\t\t\t\t<div class=\"elementor-widget-container\">\n\t\t\t\t\t\t\t\t\t<div title=\"Page 1\">The European Commission provides a platform for online dispute resolution (ODR): <a title=\"Online-Streitbeilegung (OS)\" href=\"https:\/\/ec.europa.eu\/consumers\/odr\" target=\"_blank\" rel=\"noopener noreferrer nofollow\">https:\/\/ec.europa.eu\/consumers\/odr https:\/\/ec.europa.eu\/consumers\/odr<\/a><\/div>\t\t\t\t\t\t\t\t<\/div>\n\t\t\t\t<\/div>\n\t\t\t\t<div class=\"elementor-element elementor-element-d0ec5a1 elementor-widget elementor-widget-text-editor\" data-id=\"d0ec5a1\" data-element_type=\"widget\" data-e-type=\"widget\" data-widget_type=\"text-editor.default\">\n\t\t\t\t<div class=\"elementor-widget-container\">\n\t\t\t\t\t\t\t\t\t<h2>LIABILITY FOR CONTENT<\/h2>\t\t\t\t\t\t\t\t<\/div>\n\t\t\t\t<\/div>\n\t\t\t\t<div class=\"elementor-element elementor-element-54f4401 elementor-widget elementor-widget-text-editor\" data-id=\"54f4401\" data-element_type=\"widget\" data-e-type=\"widget\" data-widget_type=\"text-editor.default\">\n\t\t\t\t<div class=\"elementor-widget-container\">\n\t\t\t\t\t\t\t\t\t<div title=\"Page 2\"><div><div><p>As a service provider, in accordance with Section 7, paragraph 1 of the German Telemedia Act (TMG), we are responsible for our own information on these pages in accordance with general law. However, in accordance with Sections 8 to 10 of the German Telemedia Act (TMG), as a service provider, we are not obligated to monitor transferred or stored information of third parties or to research circumstances that suggest an illegal activity.<\/p><p>Obligations to remove or block the use of information in accordance with general law remain unaffected. However, liability in this respect only applies from the moment we become aware of a specific infringement. These contents will be immediately removed upon discovery of any corresponding infringements.<\/p><\/div><\/div><\/div>\t\t\t\t\t\t\t\t<\/div>\n\t\t\t\t<\/div>\n\t\t\t\t<div class=\"elementor-element elementor-element-27bbbf4 elementor-widget elementor-widget-text-editor\" data-id=\"27bbbf4\" data-element_type=\"widget\" data-e-type=\"widget\" data-widget_type=\"text-editor.default\">\n\t\t\t\t<div class=\"elementor-widget-container\">\n\t\t\t\t\t\t\t\t\t<h2>COPYRIGHT<\/h2>\t\t\t\t\t\t\t\t<\/div>\n\t\t\t\t<\/div>\n\t\t\t\t<div class=\"elementor-element elementor-element-ff8aa94 elementor-widget elementor-widget-text-editor\" data-id=\"ff8aa94\" data-element_type=\"widget\" data-e-type=\"widget\" data-widget_type=\"text-editor.default\">\n\t\t\t\t<div class=\"elementor-widget-container\">\n\t\t\t\t\t\t\t\t\t<div title=\"Page 2\"><p>The content and material presented on these pages is the property of the site operator and is subject to German copyright law. Any duplication, modification, distribution, or any use beyond the scope of copyright law, is prohibited without the relevant author\u2019s prior written consent. Downloads and copies of this site are permitted for private, non-commercial use only.<\/p><p>Insofar as the content on this site was not created by the operator, the copyrights of third parties are observed. In particular contents of third parties are marked as such. Should you nevertheless become aware of a copyright infringement, we ask that you inform us accordingly. As soon as we become aware of legal violations, we will remove such content immediately.<\/p><\/div>\t\t\t\t\t\t\t\t<\/div>\n\t\t\t\t<\/div>\n\t\t\t\t<div class=\"elementor-element elementor-element-b3e364a elementor-widget elementor-widget-text-editor\" data-id=\"b3e364a\" data-element_type=\"widget\" data-e-type=\"widget\" data-widget_type=\"text-editor.default\">\n\t\t\t\t<div class=\"elementor-widget-container\">\n\t\t\t\t\t\t\t\t\t<h3><strong>Further information:<\/strong><\/h3>\t\t\t\t\t\t\t\t<\/div>\n\t\t\t\t<\/div>\n\t\t\t\t<div class=\"elementor-element elementor-element-5378703 elementor-widget elementor-widget-text-editor\" data-id=\"5378703\" data-element_type=\"widget\" data-e-type=\"widget\" data-widget_type=\"text-editor.default\">\n\t\t\t\t<div class=\"elementor-widget-container\">\n\t\t\t\t\t\t\t\t\t<div title=\"Page 2\"><p><a title=\"Allgemeine Gesch\u00e4ftsbedingungen\" href=\"https:\/\/mejo.de\/wp-content\/uploads\/2024\/09\/mejo-unternehmen-agb-2023-de.pdf\" target=\"_blank\" rel=\"noopener noreferrer\">General terms and conditions (Ts &amp; Cs)<\/a><\/p><p><a title=\"EU-Datenschutzerkl\u00e4rung (DSGVO)\" href=\"https:\/\/mejo.de\/en\/datenschutzerklaerung\/\" target=\"_blank\" rel=\"noopener noreferrer\">Privacy Policy<\/a><\/p><\/div>\t\t\t\t\t\t\t\t<\/div>\n\t\t\t\t<\/div>\n\t\t\t\t\t<\/div>\n\t\t<\/div>\n\t\t\t\t<div class=\"elementor-column elementor-col-33 elementor-top-column elementor-element elementor-element-9d6ca60\" data-id=\"9d6ca60\" data-element_type=\"column\" data-e-type=\"column\">\n\t\t\t<div class=\"elementor-widget-wrap\">\n\t\t\t\t\t\t\t<\/div>\n\t\t<\/div>\n\t\t\t\t\t<\/div>\n\t\t<\/section>\n\t\t\t\t<\/div>","protected":false},"excerpt":{"rendered":"<p>Impressum Angaben gema\u0308\u00df \u00a7 5 TMG: Verantwortlich f\u00fcr den Inhalt mejo Metall Josten GmbH &amp; Co. KG Adresse Bublitzer Str. 23D\u201340599 D\u00fcsseldorf Telefon +49 211 998900 E-Mail info@mejo.de Handelsregister Amtsgericht D\u00fcsseldorf HRA 1166 Ansprechpartner Stephan A. Josten Pers. haft. Gesellschafterin mejo Josten Verwaltungs GmbH Handelsregister Amtsgericht D\u00fcsseldorf HRB36641 Gesch\u00e4ftsf\u00fchrer Stephan A. Josten USt.-IdNr. DE 121286689 [&hellip;]<\/p>\n","protected":false},"author":2,"featured_media":0,"parent":0,"menu_order":51,"comment_status":"closed","ping_status":"closed","template":"","meta":{"footnotes":""},"class_list":["post-1191","page","type-page","status-publish","hentry"],"_links":{"self":[{"href":"https:\/\/mejo.de\/en\/wp-json\/wp\/v2\/pages\/1191","targetHints":{"allow":["GET"]}}],"collection":[{"href":"https:\/\/mejo.de\/en\/wp-json\/wp\/v2\/pages"}],"about":[{"href":"https:\/\/mejo.de\/en\/wp-json\/wp\/v2\/types\/page"}],"author":[{"embeddable":true,"href":"https:\/\/mejo.de\/en\/wp-json\/wp\/v2\/users\/2"}],"replies":[{"embeddable":true,"href":"https:\/\/mejo.de\/en\/wp-json\/wp\/v2\/comments?post=1191"}],"version-history":[{"count":0,"href":"https:\/\/mejo.de\/en\/wp-json\/wp\/v2\/pages\/1191\/revisions"}],"wp:attachment":[{"href":"https:\/\/mejo.de\/en\/wp-json\/wp\/v2\/media?parent=1191"}],"curies":[{"name":"wp","href":"https:\/\/api.w.org\/{rel}","templated":true}]}}